{"id":907,"date":"2015-01-27T17:48:02","date_gmt":"2015-01-27T16:48:02","guid":{"rendered":"https:\/\/nieuwesigaret.nl\/?post_type=product&#038;p=907"},"modified":"2025-10-02T11:49:09","modified_gmt":"2025-10-02T09:49:09","slug":"pg-vg","status":"publish","type":"product","link":"https:\/\/nieuwesigaret.nl\/de\/shop\/pg-vg\/","title":{"rendered":"PG VG Pharma Qualit\u00e4t hier kaufen"},"content":{"rendered":"<p>&nbsp;<\/p>\n<p>PG Propylenglykol und VG pflanzliches Glyzerin sind die Grundstoffe f\u00fcr Ihr Liquid, PG hat eine niedrigere Viskosit\u00e4t als VG pflanzliches Glyzerin, f\u00fcr das beste Ergebnis mischen Sie beide. Ein Verh\u00e4ltnis von 50\/50 oder 70\/30 ist gut, aber es steht Ihnen nat\u00fcrlich frei, dies zu tun. Sie k\u00f6nnen auch nur PG verwenden.<\/p>\n<p>Unsere Vape Bases sind ausschlie\u00dflich \"Made in Germany\".<br \/>\nAlle unsere Produkte entsprechen den h\u00f6chsten Qualit\u00e4tsstandards, wir verwenden nur pharmazeutische<br \/>\nPropylenglykol, pflanzliches Glycerin und reines Nikotin in pharmazeutischer Qualit\u00e4t.<br \/>\nUnsere Grundlagen bieten eine hervorragende Basis f\u00fcr Ihr Liquid. Unsere Grundlagen f\u00fcr die Verw\u00e4sserung<br \/>\nvon bestehenden Liquids, auch zur Senkung des Nikotingehalts.<\/p>\n<p>Wir verkaufen nur PG 99,9% und VG 99,5%.<\/p>\n<p>Unsere Produkte werden nicht an Personen unter 18 Jahren verkauft und entsprechen den Anforderungen von:<br \/>\nUSP \/ EP = Amerikanisches Arzneibuch \/ Europ\u00e4isches Arzneibuch<br \/>\nDAB (Deutsches Arzneibuch)<\/p>\n<p>&nbsp;<\/p>\n<p><a href=\"https:\/\/nieuwesigaret.nl\/de\/datenblatter\/\">Datenbl\u00e4tter<\/a><\/p>","protected":false},"excerpt":{"rendered":"<p>PG VG<\/p>\n<p>&nbsp;<\/p>\n<p><a href=\"https:\/\/123aromen.de\"><img loading=\"lazy\" decoding=\"async\" class=\"image wp-image-66287  attachment-full size-full\" src=\"https:\/\/nieuwesigaret.nl\/wp-content\/uploads\/2025\/10\/Logo.123Aromen.de_500_x_250_px.png.webp-2.jpg\" sizes=\"auto, (max-width: 220px) 100vw, 220px\" srcset=\"https:\/\/nieuwesigaret.nl\/wp-content\/uploads\/2025\/10\/Logo.123Aromen.de_500_x_250_px.png.webp-2-18x3.jpg 18w, https:\/\/nieuwesigaret.nl\/wp-content\/uploads\/2025\/10\/Logo.123Aromen.de_500_x_250_px.png.webp-2.jpg 220w\" alt=\"\" width=\"220\" height=\"33\" \/><\/a><\/p>\n<p>&nbsp;<\/p>","protected":false},"featured_media":48650,"comment_status":"open","ping_status":"closed","template":"","meta":{"_acf_changed":false,"_genesis_hide_title":false,"_genesis_hide_breadcrumbs":false,"_genesis_hide_singular_image":false,"_genesis_hide_footer_widgets":false,"_genesis_custom_body_class":"","_genesis_custom_post_class":"","_genesis_layout":""},"product_brand":[],"product_cat":[4695,9],"product_tag":[3301,3302],"class_list":{"1":"product","2":"type-product","6":"product_cat-basis","7":"product_cat-diy-e-liquid","8":"product_tag-propylene-glycol","9":"product_tag-vegetable-glycerin","10":"product_shipping_class-vast-tarief","11":"pa_inhoud-100-ml","12":"pa_inhoud-1000-ml","13":"pa_inhoud-250-ml","14":"pa_inhoud-5-liter","15":"pa_inhoud-500-ml","16":"pa_pg-vg-30-70","17":"pa_pg-vg-50-50","18":"pa_pg-vg-70-30","19":"pa_pg-vg-pg","20":"pa_pg-vg-vg","21":"entry","23":"first","24":"instock","25":"taxable","26":"shipping-taxable","27":"purchasable","28":"product-type-variable"},"acf":[],"_links":{"self":[{"href":"https:\/\/nieuwesigaret.nl\/de\/wp-json\/wp\/v2\/product\/907","targetHints":{"allow":["GET"]}}],"collection":[{"href":"https:\/\/nieuwesigaret.nl\/de\/wp-json\/wp\/v2\/product"}],"about":[{"href":"https:\/\/nieuwesigaret.nl\/de\/wp-json\/wp\/v2\/types\/product"}],"replies":[{"embeddable":true,"href":"https:\/\/nieuwesigaret.nl\/de\/wp-json\/wp\/v2\/comments?post=907"}],"wp:featuredmedia":[{"embeddable":true,"href":"https:\/\/nieuwesigaret.nl\/de\/wp-json\/wp\/v2\/media\/48650"}],"wp:attachment":[{"href":"https:\/\/nieuwesigaret.nl\/de\/wp-json\/wp\/v2\/media?parent=907"}],"wp:term":[{"taxonomy":"product_brand","embeddable":true,"href":"https:\/\/nieuwesigaret.nl\/de\/wp-json\/wp\/v2\/product_brand?post=907"},{"taxonomy":"product_cat","embeddable":true,"href":"https:\/\/nieuwesigaret.nl\/de\/wp-json\/wp\/v2\/product_cat?post=907"},{"taxonomy":"product_tag","embeddable":true,"href":"https:\/\/nieuwesigaret.nl\/de\/wp-json\/wp\/v2\/product_tag?post=907"}],"curies":[{"name":"wp","href":"https:\/\/api.w.org\/{rel}","templated":true}]}}