{"id":57193,"date":"2023-08-11T11:06:19","date_gmt":"2023-08-11T09:06:19","guid":{"rendered":"https:\/\/nieuwesigaret.nl\/?post_type=product&#038;p=57193"},"modified":"2024-09-18T14:24:30","modified_gmt":"2024-09-18T12:24:30","slug":"micro-pod-watermelon-ice","status":"publish","type":"product","link":"https:\/\/nieuwesigaret.nl\/de\/shop\/mikro-pod-wassermelonen-eis\/","title":{"rendered":"Micro Pod Wassermelone Eis"},"content":{"rendered":"","protected":false},"excerpt":{"rendered":"<p>Der Micro Pod hat einen 500mAh-Akku, kann 2ml Fl\u00fcssigkeit aufnehmen und ist gut f\u00fcr etwa 600 Z\u00fcge. Der Micro Pod hat auch eine Mesh-Spule f\u00fcr au\u00dfergew\u00f6hnlichen Geschmack und gro\u00dfe Dampfproduktion.<\/p>","protected":false},"featured_media":57194,"comment_status":"open","ping_status":"closed","template":"","meta":{"_acf_changed":false,"_genesis_hide_title":false,"_genesis_hide_breadcrumbs":false,"_genesis_hide_singular_image":false,"_genesis_hide_footer_widgets":false,"_genesis_custom_body_class":"","_genesis_custom_post_class":"","_genesis_layout":""},"product_brand":[],"product_cat":[4674,4705],"product_tag":[],"class_list":{"1":"product","2":"type-product","6":"product_cat-disposables","7":"product_cat-micro-pod","8":"entry","10":"first","11":"outofstock","12":"taxable","13":"shipping-taxable","14":"purchasable","15":"product-type-simple"},"acf":[],"_links":{"self":[{"href":"https:\/\/nieuwesigaret.nl\/de\/wp-json\/wp\/v2\/product\/57193","targetHints":{"allow":["GET"]}}],"collection":[{"href":"https:\/\/nieuwesigaret.nl\/de\/wp-json\/wp\/v2\/product"}],"about":[{"href":"https:\/\/nieuwesigaret.nl\/de\/wp-json\/wp\/v2\/types\/product"}],"replies":[{"embeddable":true,"href":"https:\/\/nieuwesigaret.nl\/de\/wp-json\/wp\/v2\/comments?post=57193"}],"wp:featuredmedia":[{"embeddable":true,"href":"https:\/\/nieuwesigaret.nl\/de\/wp-json\/wp\/v2\/media\/57194"}],"wp:attachment":[{"href":"https:\/\/nieuwesigaret.nl\/de\/wp-json\/wp\/v2\/media?parent=57193"}],"wp:term":[{"taxonomy":"product_brand","embeddable":true,"href":"https:\/\/nieuwesigaret.nl\/de\/wp-json\/wp\/v2\/product_brand?post=57193"},{"taxonomy":"product_cat","embeddable":true,"href":"https:\/\/nieuwesigaret.nl\/de\/wp-json\/wp\/v2\/product_cat?post=57193"},{"taxonomy":"product_tag","embeddable":true,"href":"https:\/\/nieuwesigaret.nl\/de\/wp-json\/wp\/v2\/product_tag?post=57193"}],"curies":[{"name":"wp","href":"https:\/\/api.w.org\/{rel}","templated":true}]}}