{"id":52297,"date":"2023-08-09T11:11:32","date_gmt":"2023-08-09T09:11:32","guid":{"rendered":"https:\/\/nieuwesigaret.nl\/?post_type=product&#038;p=52297"},"modified":"2024-09-18T14:24:31","modified_gmt":"2024-09-18T12:24:31","slug":"i-vg-bar-passion-fruit-2","status":"publish","type":"product","link":"https:\/\/nieuwesigaret.nl\/de\/shop\/i-vg-bar-passionsfrucht\/","title":{"rendered":"I VG BAR Passionsfrucht"},"content":{"rendered":"<p>Die Einweg-E-Zigaretten von IVG sind nicht nachf\u00fcllbar oder wiederaufladbar. Die E-Zigarette hat ein Fassungsverm\u00f6gen von 2 ml und ist mit Nikotinsalz-E-Liquid gef\u00fcllt. Die E-Zigarette reicht f\u00fcr etwa 800 Z\u00fcge. Au\u00dferdem ist die E-Zigarette mit einem automatischen Z\u00fcndmechanismus ausgestattet, der Akku wird beim Inhalieren sofort gez\u00fcndet. W\u00e4hrend des Inhalierens leuchtet ein L\u00e4mpchen auf, dies ist die Batterieanzeige. Wenn die Batterieanzeige blinkt, ist die Batterie leer. Wenn die Kapsel oder der Akku leer ist, sollte die gesamte E-Zigarette entsorgt werden.<br \/>\nIVG Bar Plus Einweg-E-Zigaretten werden in England hergestellt und werden mit einem Beipackzettel geliefert, der die ordnungsgem\u00e4\u00dfe Verwendung dieses Produkts beschreibt.<br \/>\n*Dieses Produkt enth\u00e4lt k\u00fcnstliche Aromen zur Geschmacksgebung.<br \/>\nIVG-Marke<br \/>\nE-Fl\u00fcssigkeitsverh\u00e4ltnis 50%PG \/ 50%VG<br \/>\nHergestellt in England<\/p>","protected":false},"excerpt":{"rendered":"<p>IVG Einweg - Passions Fruit (1 St\u00fcck = 20mg\/ml).<br \/>\nGeschmacksbeschreibung (Hersteller): Eine Mischung aus Aromen, die an Passionsfrucht, Kiwi und Ananas erinnern.<br \/>\nNikotingehalt: 20mg\/ml<\/p>","protected":false},"featured_media":55045,"comment_status":"open","ping_status":"closed","template":"","meta":{"_acf_changed":false,"_genesis_hide_title":false,"_genesis_hide_breadcrumbs":false,"_genesis_hide_singular_image":false,"_genesis_hide_footer_widgets":false,"_genesis_custom_body_class":"","_genesis_custom_post_class":"","_genesis_layout":""},"product_brand":[],"product_cat":[4674,4678],"product_tag":[],"class_list":{"1":"product","2":"type-product","6":"product_cat-disposables","7":"product_cat-i-vg-bar","8":"entry","10":"first","11":"outofstock","12":"taxable","13":"shipping-taxable","14":"purchasable","15":"product-type-simple"},"acf":[],"_links":{"self":[{"href":"https:\/\/nieuwesigaret.nl\/de\/wp-json\/wp\/v2\/product\/52297","targetHints":{"allow":["GET"]}}],"collection":[{"href":"https:\/\/nieuwesigaret.nl\/de\/wp-json\/wp\/v2\/product"}],"about":[{"href":"https:\/\/nieuwesigaret.nl\/de\/wp-json\/wp\/v2\/types\/product"}],"replies":[{"embeddable":true,"href":"https:\/\/nieuwesigaret.nl\/de\/wp-json\/wp\/v2\/comments?post=52297"}],"wp:featuredmedia":[{"embeddable":true,"href":"https:\/\/nieuwesigaret.nl\/de\/wp-json\/wp\/v2\/media\/55045"}],"wp:attachment":[{"href":"https:\/\/nieuwesigaret.nl\/de\/wp-json\/wp\/v2\/media?parent=52297"}],"wp:term":[{"taxonomy":"product_brand","embeddable":true,"href":"https:\/\/nieuwesigaret.nl\/de\/wp-json\/wp\/v2\/product_brand?post=52297"},{"taxonomy":"product_cat","embeddable":true,"href":"https:\/\/nieuwesigaret.nl\/de\/wp-json\/wp\/v2\/product_cat?post=52297"},{"taxonomy":"product_tag","embeddable":true,"href":"https:\/\/nieuwesigaret.nl\/de\/wp-json\/wp\/v2\/product_tag?post=52297"}],"curies":[{"name":"wp","href":"https:\/\/api.w.org\/{rel}","templated":true}]}}