{"id":7330,"date":"2017-01-21T17:04:28","date_gmt":"2017-01-21T15:04:28","guid":{"rendered":"https:\/\/nieuwesigaret.nl\/?page_id=7330"},"modified":"2017-03-17T14:54:48","modified_gmt":"2017-03-17T12:54:48","slug":"aankopen-vanuit-belgie","status":"publish","type":"page","link":"https:\/\/nieuwesigaret.nl\/de\/einkaufe-aus-belgien\/","title":{"rendered":"Eink\u00e4ufe aus Belgien"},"content":{"rendered":"<h1>17. Januar 2017<\/h1>\n<p>Dies ist das Datum, an dem Belgien einseitig beschlossen hat, dass keine E-Zigaretten mehr online gekauft werden d\u00fcrfen. Ich k\u00f6nnte eine ganze Reihe von Argumenten anf\u00fchren, warum dies seltsam und vielleicht illegal ist, Europa? Senden Sie eine E-Mail f\u00fcr weitere Informationen.<\/p>\n<p><a href=\"mailto:info@nieuwesigaret.nl\">info@nieuwesigaret.nl<\/a><\/p>\n<p>Ich danke Ihnen vielmals,<\/p>\n<p>TJ Papen<\/p>","protected":false},"excerpt":{"rendered":"<p>17. Januar 2017: An diesem Tag hat Belgien einseitig beschlossen, dass keine E-Zigaretten mehr online gekauft werden d\u00fcrfen. Ich k\u00f6nnte eine ganze Reihe von Argumenten anf\u00fchren, warum dies seltsam und vielleicht illegal ist, Europa? Bitte senden Sie eine E-Mail f\u00fcr weitere Informationen. info@nieuwesigaret.nl Vielen Dank, TJ Papen<\/p>","protected":false},"author":1,"featured_media":0,"parent":0,"menu_order":0,"comment_status":"closed","ping_status":"closed","template":"","meta":{"_acf_changed":false,"_genesis_hide_title":false,"_genesis_hide_breadcrumbs":false,"_genesis_hide_singular_image":false,"_genesis_hide_footer_widgets":false,"_genesis_custom_body_class":"","_genesis_custom_post_class":"","_genesis_layout":"","footnotes":""},"class_list":{"1":"page","2":"type-page","5":"entry"},"acf":[],"_links":{"self":[{"href":"https:\/\/nieuwesigaret.nl\/de\/wp-json\/wp\/v2\/pages\/7330","targetHints":{"allow":["GET"]}}],"collection":[{"href":"https:\/\/nieuwesigaret.nl\/de\/wp-json\/wp\/v2\/pages"}],"about":[{"href":"https:\/\/nieuwesigaret.nl\/de\/wp-json\/wp\/v2\/types\/page"}],"author":[{"embeddable":true,"href":"https:\/\/nieuwesigaret.nl\/de\/wp-json\/wp\/v2\/users\/1"}],"replies":[{"embeddable":true,"href":"https:\/\/nieuwesigaret.nl\/de\/wp-json\/wp\/v2\/comments?post=7330"}],"version-history":[{"count":0,"href":"https:\/\/nieuwesigaret.nl\/de\/wp-json\/wp\/v2\/pages\/7330\/revisions"}],"wp:attachment":[{"href":"https:\/\/nieuwesigaret.nl\/de\/wp-json\/wp\/v2\/media?parent=7330"}],"curies":[{"name":"wp","href":"https:\/\/api.w.org\/{rel}","templated":true}]}}