{"id":7,"date":"2014-12-11T10:01:11","date_gmt":"2014-12-11T10:01:11","guid":{"rendered":"http:\/\/www.nieuwesigaret.nl\/my-account\/"},"modified":"2025-07-07T19:43:46","modified_gmt":"2025-07-07T17:43:46","slug":"my-account","status":"publish","type":"page","link":"https:\/\/nieuwesigaret.nl\/de\/mein-account\/","title":{"rendered":"Mein Konto"},"content":{"rendered":"<p><a href=\"https:\/\/nieuwesigaret.nl\/de\/paketverteiler\/\">FOLLOW-PAKET<\/a><\/p>\n\n\n\n<p class=\"is-style-default\"><div class=\"woocommerce\"><\/div><\/p>\n\n\n<p><iframe loading=\"lazy\" style=\"border: 0;\" src=\"https:\/\/tracking.eu-central-1-0.sendcloud.sc\/\" width=\"100%\" height=\"450px\" frameborder=\"0\">\n<p><strong>Wenn Sie Probleme beim Einloggen haben oder bestimmte Funktionen der Website nicht funktionieren, sollten Sie zun\u00e4chst den Cache Ihres Browsers leeren. Dies gilt auch f\u00fcr mobile Ger\u00e4te, wie dies zu tun ist, kann auf Google gesucht werden. Suchen Sie nach \"Browser-Cache leeren\" und gehen Sie dann zu dem Browser, den Sie verwenden, z. B. Chrome.<\/strong><\/p><\/iframe><\/p>","protected":false},"excerpt":{"rendered":"<p>Wenn Sie Probleme haben, sich einzuloggen, oder wenn bestimmte Funktionen der Website nicht funktionieren, sollten Sie zun\u00e4chst den Cache Ihres Browsers leeren. Dies gilt auch f\u00fcr mobile Ger\u00e4te, wie dies zu tun ist, kann auf Google gesucht werden. Suchen Sie nach \"Browser-Cache leeren\" und gehen Sie dann zu ...<\/p>","protected":false},"author":1,"featured_media":0,"parent":0,"menu_order":0,"comment_status":"closed","ping_status":"open","template":"","meta":{"_acf_changed":false,"_genesis_hide_title":false,"_genesis_hide_breadcrumbs":false,"_genesis_hide_singular_image":false,"_genesis_hide_footer_widgets":false,"_genesis_custom_body_class":"","_genesis_custom_post_class":"","_genesis_layout":"","footnotes":""},"class_list":{"1":"page","2":"type-page","5":"entry"},"acf":[],"_links":{"self":[{"href":"https:\/\/nieuwesigaret.nl\/de\/wp-json\/wp\/v2\/pages\/7","targetHints":{"allow":["GET"]}}],"collection":[{"href":"https:\/\/nieuwesigaret.nl\/de\/wp-json\/wp\/v2\/pages"}],"about":[{"href":"https:\/\/nieuwesigaret.nl\/de\/wp-json\/wp\/v2\/types\/page"}],"author":[{"embeddable":true,"href":"https:\/\/nieuwesigaret.nl\/de\/wp-json\/wp\/v2\/users\/1"}],"replies":[{"embeddable":true,"href":"https:\/\/nieuwesigaret.nl\/de\/wp-json\/wp\/v2\/comments?post=7"}],"version-history":[{"count":18,"href":"https:\/\/nieuwesigaret.nl\/de\/wp-json\/wp\/v2\/pages\/7\/revisions"}],"predecessor-version":[{"id":65281,"href":"https:\/\/nieuwesigaret.nl\/de\/wp-json\/wp\/v2\/pages\/7\/revisions\/65281"}],"wp:attachment":[{"href":"https:\/\/nieuwesigaret.nl\/de\/wp-json\/wp\/v2\/media?parent=7"}],"curies":[{"name":"wp","href":"https:\/\/api.w.org\/{rel}","templated":true}]}}