{"id":6351,"date":"2016-10-20T11:56:52","date_gmt":"2016-10-20T09:56:52","guid":{"rendered":"https:\/\/nieuwesigaret.nl\/?page_id=6351"},"modified":"2019-05-09T18:59:26","modified_gmt":"2019-05-09T16:59:26","slug":"elektrische-sigaret","status":"publish","type":"page","link":"https:\/\/nieuwesigaret.nl\/de\/elektrische-zigarette\/","title":{"rendered":"Die elektrische Zigarette"},"content":{"rendered":"<h2>Die Geschichte der elektrischen Zigarette<\/h2>\n<p style=\"text-align: justify;\">1930-1970 2003-2008 2009<\/p>\n<p style=\"text-align: justify;\">1930:<\/p>\n<p style=\"text-align: justify;\">Die erste elektrische Zigarette oder zumindest etwas, das ihr \u00e4hnelt, stammt aus dem Jahr 1930 und wurde von Joseph Robinson patentiert, der <strong>elektrische Zigarette<\/strong> nie in Produktion gegangen ist, war es nat\u00fcrlich auch eine primitive Version dessen, was wir heute kennen.<\/p>\n<h3 style=\"text-align: justify;\">1960's:<\/h3>\n<p style=\"text-align: justify;\">Die <strong>elektrische Zigarette<\/strong> wie wir es heute kennen, wurde erstmals von Herbert A. Gilbert entwickelt. Im Jahr 1965 erhielt dieser Mann ein Patent daf\u00fcr und baute in der Folge auch Prototypen, aber eine kommerzielle Version kam nie auf den Markt. Er gab den Unternehmen die Schuld, die lieber das Auslaufen des Patents abwarteten, als es in Lizenz zu produzieren.<\/p>\n<h3 style=\"text-align: justify;\">1979-80's<\/h3>\n<p style=\"text-align: justify;\">Phil Ray, ein Computerpionier, arbeitete zusammen mit seinem Leibarzt Norman Jacobson an der ersten kommerziellen Version der elektrischen Zigarette. Sie forschten \u00fcber die Absorption von Nikotin durch den menschlichen K\u00f6rper, das Ger\u00e4t kam tats\u00e4chlich auf den Markt, aber es war kein Erfolg, es funktionierte schlecht und gab verschiedene Probleme. Es war eine Sackgasse, aber sie haben das Wort \"vape\" in unser W\u00f6rterbuch aufgenommen.<\/p>\n<h3 style=\"text-align: justify;\">1990's<\/h3>\n<p style=\"text-align: justify;\">Sowohl von der Tabakindustrie als auch von Erfindern wurden zahlreiche Patente f\u00fcr Nikotininhalatoren angemeldet, mit einem H\u00f6hepunkt in den 1990er Jahren. Die meisten der Techniken waren nicht gut und \u00e4hnelten nicht unserer elektrischen Zigarette. Ein auf einer chemischen Reaktion basierendes System aus den 1990er Jahren ist immer noch auf dem Markt. Dieses System liegt irgendwo zwischen einem Nikotininhalator und einer herk\u00f6mmlichen Zigarette. Produkte, die unserer E-Zigarette \u00e4hneln, kamen in den 1990er Jahren auf den Markt. Ein gro\u00dfes amerikanisches Tabakunternehmen beantragte 1998 bei der FDA die Erlaubnis, eine Art von E-Zigarette auf den Markt zu bringen, doch die FDA lehnte den Antrag vor allem aus Gr\u00fcnden der Arzneimittelregulierung ab, was vielleicht der Grund daf\u00fcr ist, dass es so lange dauerte, bis ein weiterer Versuch unternommen wurde.<\/p>\n<h3 style=\"text-align: justify;\">2003 - 2008<br \/>\n2003:<\/h3>\n<p style=\"text-align: justify;\">Die erste kommerziell erfolgreiche E-Zigarette kam aus Peking, China. <strong>Hon Lik<\/strong>, ein 52-j\u00e4hriger Apotheker, war der Erfinder. Er entwickelte das Ger\u00e4t, nachdem sein Vater, ein starker Raucher, an Lungenkrebs gestorben war. Das Unternehmen, f\u00fcr das Lik arbeitete, Golden Dragon Holdings, stellte das Ger\u00e4t her und gab ihm den Namen Ryan, was \"wie Rauch\" bedeutet.<\/p>\n<h3 style=\"text-align: justify;\">April 2006:<\/h3>\n<p style=\"text-align: justify;\">Die elektrische Zigarette kommt nach Europa.<\/p>\n<h3 style=\"text-align: justify;\">2006-2007:<\/h3>\n<p style=\"text-align: justify;\">E-Zigarette kommt in die USA, erste Zollerkl\u00e4rung vom 22. August 2006.<\/p>\n<h3 style=\"text-align: justify;\">M\u00e4rz 2008:<\/h3>\n<p style=\"text-align: justify;\">Das Gesundheitsministerium in der T\u00fcrkei f\u00f6rdert den Verkauf von E-Zigaretten. Der Minister behauptete, E-Zigaretten seien genauso sch\u00e4dlich wie normale Zigaretten. Nikotin ist der gef\u00e4hrlichste Stoff in einer Zigarette, so der Minister. Derzeit d\u00fcrfen E-Zigaretten nicht in Gesch\u00e4ften verkauft werden, k\u00f6nnen aber online erworben werden, wobei der Status derzeit noch unklar ist.<\/p>\n<h3>September 2008:<\/h3>\n<p>Die Weltgesundheitsorganisation h\u00e4lt die elektrische Zigarette nicht f\u00fcr eine sichere Alternative und fordert ein Verbot des Ger\u00e4ts.<\/p>\n<h3>Oktober 2008:<\/h3>\n<p>In einer von Ryan finanzierten Studie gab Neuseeland eine Untersuchung in Auftrag und kam zu dem Schluss, dass die in E-Liquid enthaltenen Giftstoffe allesamt unterhalb der sch\u00e4dlichen Grenzwerte liegen. Die Ergebnisse zeigen, dass die E-Zigarette 100 bis 1000 Mal weniger sch\u00e4dlich ist als herk\u00f6mmliche Zigaretten. Die Nikotindosis ist mit der eines Inhalators vergleichbar, das Produkt wird als sichere Alternative zum Rauchen bezeichnet.<\/p>\n<h3>Januar 2009:<\/h3>\n<p>Australien verbietet den Besitz und Verkauf von nikotinhaltigen elektrischen Zigaretten mit der Begr\u00fcndung, dass jede Form von Nikotin giftig ist. Der jordanische Gesundheitsminister hat die Einfuhr der Ger\u00e4te und des Zubeh\u00f6rs verboten. Eine \u00dcberpr\u00fcfung des Verbots wird im Februar 2012 stattfinden.<\/p>\n<h3>M\u00e4rz 2009:<\/h3>\n<p>Die FDA, das amerikanische Institut f\u00fcr \u00f6ffentliche Gesundheit, weist den Zoll an, E-Zigaretten und Zubeh\u00f6r nicht zuzulassen, da es sich um ungetestete und daher nicht zugelassene Medizinprodukte handelt. Diese Entscheidung stammt nicht aus dem Zusammenhang mit Tabak und Nikotin, sondern aus der Abteilung, die sich mit Arzneimitteln besch\u00e4ftigt. Kanada verbietet den Verkauf und die Werbung f\u00fcr elektrische Zigaretten. Das Ministerium r\u00e4t den Kanadiern vom Kauf ab, da Propylenglykol ein \"bekannter Reizstoff\" sei. Hongkong verbietet die elektrische Zigarette. Darauf steht eine H\u00f6chststrafe von 100000 HK$ und zwei Jahren Gef\u00e4ngnis. Rauchloser Tabak ist in Hongkong verboten, so dass nur normale Zigaretten in Honkong legal sind. Die FDA teilt den Unternehmen, die die Ger\u00e4te herstellen, mit, dass ihre Ladungen nicht nach Amerika eingef\u00fchrt werden d\u00fcrfen. Die FDA behauptet, dass es sich um ein Ger\u00e4t handelt, das eine Droge, n\u00e4mlich Nikotin, verabreicht, und dass sie getestet und registriert werden m\u00fcssen.<\/p>\n<h3>April 2009:<\/h3>\n<p>Die Stiftung f\u00fcr das elektrische Rauchen fordert die FDA auf, das Einfuhrverbot aufzuheben. Die Stiftung behauptete, die FDA sei nicht f\u00fcr die E-Zigarette zust\u00e4ndig, da es sich um ein Tabakerzeugnis und nicht um ein Arzneimittel handele, wie die FDA behauptet. Die fr\u00fcheren Untersuchungen von Health New Zealand zeigen, dass die von der E-Zigarette freigesetzten Schadstoffe alle unter dem als gef\u00e4hrlich angesehenen Niveau liegen. <span style=\"color: #3366ff;\"><a style=\"color: #3366ff;\" href=\"https:\/\/nieuwesigaret.nl\/wp-content\/uploads\/2016\/10\/DublinEcigPoster2.pdf\">Laden Sie den Bericht hier herunter<\/a><\/span>.<\/p>\n<h3>Mai 2009:<\/h3>\n<p>Eine andere Stiftung in den USA hat bei der FDA eine Petition zur Regulierung von E-Zigaretten usw. eingereicht. NLOY (Sottera) schlie\u00dft sich der Klage gegen die FDA an. Der Verband f\u00fcr elektrische Zigaretten (ECA) wird gegr\u00fcndet. Die ECA ist ein Wirtschaftsverband, dem Hersteller, Gro\u00dfh\u00e4ndler und Einzelh\u00e4ndler angeh\u00f6ren. Ihr Hauptquartier befindet sich in Washington, ihr Vorsteher ist der gute Kongressabgeordnete Matt Salmon. Die FDA verklagt die Stiftung, 11. Mai 2009. Die FDA testet zwei Marken elektrischer Zigaretten, 18 Patronen werden getestet. Die Tests haben ergeben, dass Nitrosamine (TSNA) in der Fl\u00fcssigkeit enthalten sind, wobei die Werte nicht h\u00f6her sind als in anderen von der FDA bereits zugelassenen Produkten. Einige Patronen enthielten Spuren von Nikotinteer, obwohl auf dem Etikett 0 mg angegeben waren.<\/p>\n<h3>Juni 2009:<\/h3>\n<p>Pr\u00e4sident Obama unterzeichnet ein neues, famili\u00e4res Anti-Raucher-Gesetz, das der FDA die Befugnis zur Regulierung der Tabakindustrie gibt. Zwar k\u00f6nnen Nikotin und Zigaretten nicht g\u00e4nzlich verboten werden, aber Aromen wie Minze und Fr\u00fcchte k\u00f6nnen verboten werden. Au\u00dferdem m\u00fcssen Hersteller, die ein Tabakerzeugnis vermarkten wollen, die von der FDA festgelegten Anforderungen erf\u00fcllen, was sich auf die elektrische Zigarette auswirken k\u00f6nnte. Panama verbietet die Einfuhr, den Vertrieb und den Verkauf von E-Zigaretten.<\/p>\n<h3>Juli 2009:<\/h3>\n<p>Nach zweimonatigen Tests r\u00e4t die FDA von der Verwendung von E-Zigaretten ab und bekr\u00e4ftigt ihren Standpunkt, dass E-Zigaretten junge Menschen zum Rauchen verleiten k\u00f6nnten, da es keine Rechtfertigung daf\u00fcr gebe und die Liquids dennoch Giftstoffe enthielten. Die FDA erw\u00e4hnt weder, dass diese Toxine auch in anderen zugelassenen Produkten enthalten sind, noch dass die Toxine alle unter gef\u00e4hrlichen Werten liegen. Die Studie der FDA vom Mai 2009 wird von der wissenschaftlichen Gesellschaft Exponent.inc. Exponent kritisiert an der FDA-Studie, dass kein angemessener Vergleich mit anderen Nikotinersatztherapien vorgenommen wurde, die ebenfalls die in der elektrischen Zigarette enthaltenen Giftstoffe enthalten. Die Studie kommt zu dem Schluss, dass die Behauptungen \u00fcber gesundheitssch\u00e4dliche Wirkungen nicht ausreichend belegt sind. Israel erw\u00e4gt Verbot, 2013, erw\u00e4gt immer noch Verbot oder Aufnahme des Produkts in die Tabakliste.<\/p>\n<h3>August 2009:<\/h3>\n<p>In der Washington Post kritisiert der Pr\u00e4sident des American Council on Science and Health (Amerikanischer Rat f\u00fcr Wissenschaft und Gesundheit) die FDA und bezeichnet ihre Berichterstattung als unvollst\u00e4ndig und irref\u00fchrend. Der Ratschlag lautet, dass es besser ist, sich von dieser neuen Form des Rauchens fernzuhalten und bei der alten zu bleiben. Der Staat Oregon k\u00fcndigte zwei Vergleiche an: Pilot Travel Centers und TA Operating werden in ihren Gesch\u00e4ften keine elektrischen Zigaretten verkaufen. Au\u00dferdem m\u00fcssen diese Einzelhandelsketten im Voraus ank\u00fcndigen, wenn sie beabsichtigen, E-Zigaretten zu verkaufen; NJOY wird den Verkauf freiwillig einstellen. Die Staatsanwaltschaft von Oregon k\u00fcndigt eine Klage gegen \"Smoking Everywhere\" an. Dem Unternehmen aus Florida wird vorgeworfen, falsche gesundheitsbezogene Behauptungen aufgestellt und au\u00dferdem Kinder mit ihren s\u00fc\u00dfen Geschmacksrichtungen gezeugt zu haben. (Einigung folgt 2010) Brasilien verbietet Einfuhr und Verkauf von E-Zigaretten. Suffolk County, NY, erl\u00e4sst ein Gesetz, das die Verwendung von E-Zigaretten in Innenr\u00e4umen verbietet, zumindest in Bereichen, in denen auch das Rauchen verboten ist. Au\u00dferdem wird eine Altersgrenze von 19 Jahren eingef\u00fchrt. Saudi-Arabien verbietet den Verkauf elektrischer Zigaretten und st\u00fctzt sich dabei auf den Bericht der amerikanischen FDA.<\/p>\n<p>September\/Oktober 2009: Amazon.com verbietet den Verkauf von elektrischen Tabakprodukten.<\/p>\n<p>&nbsp;<\/p>\n<div id=\"gallery-1\" class=\"gallery galleryid-6351 gallery-columns-3 gallery-size-thumbnail\" style=\"--gallery-columns-xs:1;--gallery-columns-sm:1;--gallery-columns-md:3;--gallery-columns-lg:3;\"><figure class=\"gallery-item\">\n\t\t\t<div class=\"gallery-icon landscape\">\n\t\t\t\t<a href=\"https:\/\/nieuwesigaret.nl\/de\/290px-components_of_a_miniciggy_e-cigarette\/\"><img loading=\"lazy\" decoding=\"async\" width=\"150\" height=\"127\" src=\"https:\/\/nieuwesigaret.nl\/wp-content\/uploads\/2016\/10\/290px-Components_of_a_MiniCiggy_e-cigarette-150x127.jpg\" class=\"attachment-thumbnail size-thumbnail\" alt=\"E-Zigarette der ersten Generation\" aria-describedby=\"gallery-1-6358\"><\/a>\n\t\t\t<\/div>\n\t\t\t\t<figcaption class=\"wp-caption-text gallery-caption\" id=\"gallery-1-6358\">\n\t\t\t\te-Zigarette erste Generation\n\t\t\t\t<\/figcaption><\/figure><figure class=\"gallery-item\">\n\t\t\t<div class=\"gallery-icon landscape\">\n\t\t\t\t<a href=\"https:\/\/nieuwesigaret.nl\/de\/parts_of_an_electronic_cigarette\/\"><img loading=\"lazy\" decoding=\"async\" width=\"150\" height=\"150\" src=\"https:\/\/nieuwesigaret.nl\/wp-content\/uploads\/2016\/10\/Parts_of_an_Electronic_cigarette-150x150.png\" class=\"attachment-thumbnail size-thumbnail\" alt=\"Elektrische Zigarette der zweiten Generation\" aria-describedby=\"gallery-1-6357\" srcset=\"https:\/\/nieuwesigaret.nl\/wp-content\/uploads\/2016\/10\/Parts_of_an_Electronic_cigarette-100x100.png 100w, https:\/\/nieuwesigaret.nl\/wp-content\/uploads\/2016\/10\/Parts_of_an_Electronic_cigarette-150x150.png 150w\" sizes=\"auto, (max-width: 150px) 100vw, 150px\"><\/a>\n\t\t\t<\/div>\n\t\t\t\t<figcaption class=\"wp-caption-text gallery-caption\" id=\"gallery-1-6357\">\n\t\t\t\tE-Zigarette der zweiten Generation\n\t\t\t\t<\/figcaption><\/figure>\n\t\t<\/div>","protected":false},"excerpt":{"rendered":"<p>Die Geschichte der elektrischen Zigarette 1930-1970 2003-2008 2009 1930: Die erste elektrische Zigarette oder zumindest etwas, das ihr \u00e4hnelt, stammt aus dem Jahr 1930 und wurde von Joseph Robinson patentiert. Diese elektrische Zigarette ist nie in Produktion gegangen, sie war nat\u00fcrlich auch eine primitive Version dessen, was wir heute kennen. 1960's: Die elektrische ...<\/p>","protected":false},"author":1,"featured_media":0,"parent":0,"menu_order":0,"comment_status":"closed","ping_status":"closed","template":"","meta":{"_acf_changed":false,"_genesis_hide_title":false,"_genesis_hide_breadcrumbs":false,"_genesis_hide_singular_image":false,"_genesis_hide_footer_widgets":false,"_genesis_custom_body_class":"","_genesis_custom_post_class":"","_genesis_layout":"","footnotes":""},"class_list":{"1":"page","2":"type-page","5":"entry"},"acf":[],"_links":{"self":[{"href":"https:\/\/nieuwesigaret.nl\/de\/wp-json\/wp\/v2\/pages\/6351","targetHints":{"allow":["GET"]}}],"collection":[{"href":"https:\/\/nieuwesigaret.nl\/de\/wp-json\/wp\/v2\/pages"}],"about":[{"href":"https:\/\/nieuwesigaret.nl\/de\/wp-json\/wp\/v2\/types\/page"}],"author":[{"embeddable":true,"href":"https:\/\/nieuwesigaret.nl\/de\/wp-json\/wp\/v2\/users\/1"}],"replies":[{"embeddable":true,"href":"https:\/\/nieuwesigaret.nl\/de\/wp-json\/wp\/v2\/comments?post=6351"}],"version-history":[{"count":0,"href":"https:\/\/nieuwesigaret.nl\/de\/wp-json\/wp\/v2\/pages\/6351\/revisions"}],"wp:attachment":[{"href":"https:\/\/nieuwesigaret.nl\/de\/wp-json\/wp\/v2\/media?parent=6351"}],"curies":[{"name":"wp","href":"https:\/\/api.w.org\/{rel}","templated":true}]}}