{"id":6052,"date":"2016-09-05T15:15:13","date_gmt":"2016-09-05T13:15:13","guid":{"rendered":"https:\/\/nieuwesigaret.nl\/?page_id=6052"},"modified":"2016-09-05T15:18:31","modified_gmt":"2016-09-05T13:18:31","slug":"spaarpunten-bij-aankoop","status":"publish","type":"page","link":"https:\/\/nieuwesigaret.nl\/de\/treuepunkte-beim-kauf\/","title":{"rendered":"Rabatte beim Kauf"},"content":{"rendered":"<h1>Neue Zigarette, Punkte sparen, um einen Rabatt zu erhalten<\/h1>\n<p>Pr\u00e4mienpunkte sind immer willkommen, man muss nichts tun und kann unbemerkt f\u00fcr zuk\u00fcnftige Rabatte sparen. Sie m\u00fcssen nichts unternehmen: F\u00fcr jeden Einkauf erhalten Sie automatisch eine bestimmte Anzahl von Treuepunkten, die mit Ihrem Konto verkn\u00fcpft sind, so dass Sie beim Bezahlen eingeloggt sein m\u00fcssen. Wie viele Punkte erhalten Sie? F\u00fcr jeden Euro erhalten Sie 1 Punkt, bei 100 Punkten erhalten Sie einen Rabatt von 2 Euro, das scheint nicht viel zu sein, vielleicht ist es das auch nicht, aber Sie bekommen sie, ohne etwas tun zu m\u00fcssen, es sind Treuepunkte.<\/p>\n<h2>Bequemer als an der Tankstelle<\/h2>\n<p>Kaufen Sie ein und sammeln Sie Punkte, sparen Sie, ohne dar\u00fcber nachzudenken, ganz automatisch. Wenn Sie 100 Punkte haben, k\u00f6nnen Sie diese an der Kasse einl\u00f6sen. Sie m\u00fcssen nicht, Sie k\u00f6nnen einfach weitersparen.<\/p>\n<p><img loading=\"lazy\" decoding=\"async\" class=\"aligncenter size-large wp-image-6054\" src=\"https:\/\/nieuwesigaret.nl\/wp-content\/uploads\/2016\/09\/1473080775-799x1024.jpg\" alt=\"Sparen bei newscigarette\" width=\"799\" height=\"1024\" srcset=\"https:\/\/nieuwesigaret.nl\/wp-content\/uploads\/2016\/09\/1473080775-234x300.jpg 234w, https:\/\/nieuwesigaret.nl\/wp-content\/uploads\/2016\/09\/1473080775-360x462.jpg 360w, https:\/\/nieuwesigaret.nl\/wp-content\/uploads\/2016\/09\/1473080775-799x1024.jpg 799w, https:\/\/nieuwesigaret.nl\/wp-content\/uploads\/2016\/09\/1473080775.jpg 1024w\" sizes=\"auto, (max-width: 799px) 100vw, 799px\" \/><\/p>","protected":false},"excerpt":{"rendered":"<p>Neue Zigarette, sparen Sie Punkte, um Ihren Rabatt zu bekommen Sparpunkte sind immer willkommen, Sie m\u00fcssen nichts tun und k\u00f6nnen f\u00fcr einen Rabatt in der Zukunft sparen. Sie m\u00fcssen nichts unternehmen, denn f\u00fcr jeden Einkauf erhalten Sie automatisch eine Anzahl von Treuepunkten, die mit Ihrem Konto verkn\u00fcpft sind. Sie m\u00fcssen als Kunde eingeloggt sein, um diese Punkte zu nutzen.<\/p>","protected":false},"author":1,"featured_media":0,"parent":0,"menu_order":0,"comment_status":"closed","ping_status":"closed","template":"","meta":{"_acf_changed":false,"_genesis_hide_title":false,"_genesis_hide_breadcrumbs":false,"_genesis_hide_singular_image":false,"_genesis_hide_footer_widgets":false,"_genesis_custom_body_class":"","_genesis_custom_post_class":"","_genesis_layout":"","footnotes":""},"class_list":{"1":"page","2":"type-page","5":"entry"},"acf":[],"_links":{"self":[{"href":"https:\/\/nieuwesigaret.nl\/de\/wp-json\/wp\/v2\/pages\/6052","targetHints":{"allow":["GET"]}}],"collection":[{"href":"https:\/\/nieuwesigaret.nl\/de\/wp-json\/wp\/v2\/pages"}],"about":[{"href":"https:\/\/nieuwesigaret.nl\/de\/wp-json\/wp\/v2\/types\/page"}],"author":[{"embeddable":true,"href":"https:\/\/nieuwesigaret.nl\/de\/wp-json\/wp\/v2\/users\/1"}],"replies":[{"embeddable":true,"href":"https:\/\/nieuwesigaret.nl\/de\/wp-json\/wp\/v2\/comments?post=6052"}],"version-history":[{"count":0,"href":"https:\/\/nieuwesigaret.nl\/de\/wp-json\/wp\/v2\/pages\/6052\/revisions"}],"wp:attachment":[{"href":"https:\/\/nieuwesigaret.nl\/de\/wp-json\/wp\/v2\/media?parent=6052"}],"curies":[{"name":"wp","href":"https:\/\/api.w.org\/{rel}","templated":true}]}}