{"id":5393,"date":"2016-06-07T14:21:20","date_gmt":"2016-06-07T14:21:20","guid":{"rendered":"https:\/\/nieuwesigaret.nl\/?page_id=5393"},"modified":"2019-07-12T14:08:45","modified_gmt":"2019-07-12T12:08:45","slug":"lege-e-liquid-flesjes","status":"publish","type":"page","link":"https:\/\/nieuwesigaret.nl\/de\/leere-e-flussigkeitsflaschen\/","title":{"rendered":"Leere Flaschen f\u00fcr Ihr E-Liquid"},"content":{"rendered":"<p>Leere Flaschen f\u00fcr Ihre E-Liquid in verschiedenen Arten, Gr\u00f6\u00dfen und Material, Glas oder Kunststoff, zum Verkauf hier. Wenn Sie Ihre Fl\u00fcssigkeit aufbewahren m\u00f6chten, k\u00f6nnen Sie bei nieuwesigaret Glasflaschen von 10 und 30 ml kaufen. Die Glasflaschen sind mit einem Tropfer ausgestattet, damit Sie Ihr Ger\u00e4t schnell und sicher nachf\u00fcllen k\u00f6nnen. Die <a href=\"https:\/\/nieuwesigaret.nl\/de\/shop\/30-ml-glazen-flesje\/\">30 ml Flaschen<\/a> sind in lila, bernsteinfarben, blau und vielen weiteren Farben f\u00fcr jeden Geschmack erh\u00e4ltlich. New Cigarette hat auch die normalen Plastikflaschen in 10, 20 und 30 ml, auch hier haben Sie die Wahl zwischen verschiedenen Farben. Leere Flaschen sind n\u00fctzlich, wenn Sie mit E-Liquid-Rezepten experimentieren wollen oder wenn Sie eine gr\u00f6\u00dfere Menge an Fl\u00fcssigkeit verteilen wollen, damit Sie immer eine Flasche dabei haben. In Zukunft werden wir mehr Flaschen mitf\u00fchren, das muss nat\u00fcrlich eine sinnvolle Erg\u00e4nzung sein, wir schauen uns noch um. Alle Flaschen mit Pipettentropfer sind aus Glas gefertigt.<\/p>\n\n\n\n\n\n\n\n<p><a href=\"https:\/\/nieuwesigaret.nl\/de\/shop\/30-ml-glazen-flesje\/\">30 ml Pipette Tropfer viele Farben<\/a><\/p>\n<p><a href=\"https:\/\/nieuwesigaret.nl\/de\/shop\/30-milliliter-lang\/\">30 und 15 ml einhorn slim e liquid flasche<\/a><\/p>\n<p><a href=\"https:\/\/nieuwesigaret.nl\/de\/shop\/10-ml-glazen-flesje\/\">10 ml Glastropfer<\/a><\/p>\n<p><a href=\"https:\/\/nieuwesigaret.nl\/de\/shop\/flaschen-fur-flussigkeit\/\">10, 20 und 30 ml e liquid Flaschen<\/a><\/p>\n<p><a href=\"https:\/\/nieuwesigaret.nl\/de\/shop\/gorilla-60-ml-e-liquid-flesje\/\">Gorilla 60 ml Flasche<\/a><\/p>\n<p><a href=\"https:\/\/nieuwesigaret.nl\/de\/shop\/skull-vorm-e-liquid-fles-30-ml\/\">Sch\u00e4delform Flasche 30 ml<\/a><\/p>\n<p><a href=\"https:\/\/nieuwesigaret.nl\/de\/shop\/100-ml-pharma-flesje\/\">100 ml Pharma-Glas<\/a><\/p>\n<p>F\u00fcr gr\u00f6\u00dfere Mengen besuchen Sie bitte die Gro\u00dfhandelsseite,\u00a0<a href=\"https:\/\/nieuwesigaret.nl\/de\/shop\/flesjes-groothandel\/\">https:\/\/nieuwesigaret.nl\/shop\/flesjes-groothandel\/<\/a><\/p>\n<p>Blau, rot, gr\u00fcn, bernsteinfarben und wei\u00df (klar), mattiert. Sie k\u00f6nnen diese Flaschen auch in vergoldeter und versilberter Ausf\u00fchrung kaufen. Es wird auch Metallflaschen geben. Die Auswahl wird also sehr viel gr\u00f6\u00dfer sein. Die Farbauswahl wird demn\u00e4chst eingestellt, da es unm\u00f6glich ist, auf diese Weise zu kaufen. Manchmal will jeder nur wei\u00df und dann wieder rot, Sie werden verstehen, dass die eine oder andere Farbe schneller ausl\u00e4uft und nur M\u00fctzen zu bestellen nicht m\u00f6glich ist.<\/p>","protected":false},"excerpt":{"rendered":"<p>Leere Flaschen f\u00fcr Ihre E-Liquid in verschiedenen Arten, Gr\u00f6\u00dfen und Material, Glas oder Kunststoff, zum Verkauf hier. Wenn Sie Ihre Fl\u00fcssigkeit aufbewahren m\u00f6chten, k\u00f6nnen Sie bei nieuwesigaret Glasflaschen von 10 und 30 ml kaufen. Glas konserviert besser als Plastik. Die Glasflaschen haben einen Tropfer, so dass Sie schnell und sicher Ihre ...<\/p>","protected":false},"author":1,"featured_media":0,"parent":0,"menu_order":0,"comment_status":"closed","ping_status":"closed","template":"","meta":{"_acf_changed":false,"_genesis_hide_title":false,"_genesis_hide_breadcrumbs":false,"_genesis_hide_singular_image":false,"_genesis_hide_footer_widgets":false,"_genesis_custom_body_class":"","_genesis_custom_post_class":"","_genesis_layout":"","footnotes":""},"class_list":{"1":"page","2":"type-page","5":"entry"},"acf":[],"_links":{"self":[{"href":"https:\/\/nieuwesigaret.nl\/de\/wp-json\/wp\/v2\/pages\/5393","targetHints":{"allow":["GET"]}}],"collection":[{"href":"https:\/\/nieuwesigaret.nl\/de\/wp-json\/wp\/v2\/pages"}],"about":[{"href":"https:\/\/nieuwesigaret.nl\/de\/wp-json\/wp\/v2\/types\/page"}],"author":[{"embeddable":true,"href":"https:\/\/nieuwesigaret.nl\/de\/wp-json\/wp\/v2\/users\/1"}],"replies":[{"embeddable":true,"href":"https:\/\/nieuwesigaret.nl\/de\/wp-json\/wp\/v2\/comments?post=5393"}],"version-history":[{"count":0,"href":"https:\/\/nieuwesigaret.nl\/de\/wp-json\/wp\/v2\/pages\/5393\/revisions"}],"wp:attachment":[{"href":"https:\/\/nieuwesigaret.nl\/de\/wp-json\/wp\/v2\/media?parent=5393"}],"curies":[{"name":"wp","href":"https:\/\/api.w.org\/{rel}","templated":true}]}}