{"id":5179,"date":"2016-05-12T18:25:17","date_gmt":"2016-05-12T18:25:17","guid":{"rendered":"https:\/\/nieuwesigaret.nl\/?page_id=5179"},"modified":"2016-08-27T16:57:04","modified_gmt":"2016-08-27T14:57:04","slug":"vg-liquid-pg-liquid","status":"publish","type":"page","link":"https:\/\/nieuwesigaret.nl\/de\/vg-flussig-pg-flussig\/","title":{"rendered":"VG-Fl\u00fcssigkeit oder PG-Fl\u00fcssigkeit"},"content":{"rendered":"<h2><span style=\"font-size: 14pt;\">VG-Fl\u00fcssigkeit ist sehr beliebt, aber was ist das Beste f\u00fcr Sie?<\/span><\/h2>\n<p>Wenn Sie sich die Verdampferfl\u00fcssigkeit f\u00fcr E-Zigaretten genauer ansehen, werden Sie sowohl auf VG, pflanzliches Glycerin, als auch auf PG, Propylenglykol oder Propandiol, sto\u00dfen. Was sind diese Substanzen und was sollten Sie w\u00e4hlen? 100% VG Fl\u00fcssigkeit ist sehr beliebt in den Niederlanden, die pflanzliche Aspekt appelliert an viele Menschen, bei nieuwesigaret machen wir beide Fl\u00fcssigkeiten.<\/p>\n<p>Ich werde hier nicht zu technisch werden, wenn es um diese grundlegenden Fl\u00fcssigkeiten geht, k\u00f6nnen Sie alle Informationen im Internet finden, z.B. bei wikipedia.<\/p>\n<p>Viele Dampfer, vor allem diejenigen, die neu im Dampfen sind, wollen so viel wie m\u00f6glich \u00fcber die M\u00f6glichkeiten erfahren. Wie w\u00e4hlt man klug aus? Ist das eine wirklich besser als das andere? Im Folgenden erfahren Sie, worum es sich dabei handelt und wie Sie zwischen den Zeilen lesen k\u00f6nnen, um herauszufinden, was f\u00fcr Sie besser ist.<\/p>\n<p>Neue Zigarette \u00a0<span style=\"color: #0000ff;\"><a style=\"color: #0000ff;\" href=\"https:\/\/nieuwesigaret.nl\/de\/shop\/pg-vg\/\">VG fl\u00fcssig oder PG<\/a><\/span> E-Liquids bestehen in der Regel aus nur 4 Zutaten: Nikotin (pg- oder vg-Basis), <span style=\"color: #0000ff;\"><a style=\"color: #0000ff;\" href=\"https:\/\/nieuwesigaret.nl\/de\/shop\/flussigkeitsarome\/\">Aromen<\/a><\/span>und einer Mischung aus VG (pflanzliches Glycerin) und PG (Propylenglykol). Es gibt noch eine Reihe weiterer Zutaten, aber das sind die wichtigsten.<\/p>\n<p><span style=\"color: #0000ff;\"><a style=\"color: #0000ff;\" href=\"https:\/\/nieuwesigaret.nl\/de\/shop\/flussig-nikotinbasiert\/\">Nikotin<\/a><\/span> gibt es in verschiedenen St\u00e4rken, neue Zigaretten werden in den St\u00e4rken 36 mg, 50 mg und 100 mg verkauft. 100 mg sind meiner Meinung nach am besten, man braucht nicht viel davon und hat daher noch viel \"Platz\" in der Flasche, um andere Substanzen hinzuzuf\u00fcgen. Wenn Sie 36 mg einnehmen und 12 mg in Ihrer Flasche haben wollen, handelt es sich um mehr als 3 ml dieser Base. Unser Angebot an fertigen Liquids reicht von 0, also nikotinfrei, bis 20 mg, dem gesetzlichen H\u00f6chstwert.<\/p>\n<p>Alle E-Liquid-Mischungen enthalten VG, PG oder eine Mischung aus beidem. New Cigarette empfiehlt eine Mischung von 50\/50 bis 70\/30 (PG\/VG) als ideal. Au\u00dferdem eine kurze Beschreibung jedes dieser wichtigen Inhaltsstoffe.<\/p>\n<p>Pflanzliches Glycerin ist eine dicke, schwere und s\u00fc\u00dflich schmeckende Fl\u00fcssigkeit. Es verleiht der rauchlosen Zigarette einen sehr angenehmen s\u00fc\u00dfen Geschmack und erzeugt gro\u00dfe Mengen an Dampf. Pflanzliches Glycerin wird aus, Sie ahnen es, Gem\u00fcse gewonnen. Daher gilt es als v\u00f6llig nat\u00fcrlich und sicher. VG wird auch als S\u00fc\u00dfungsmittel und in vielen kosmetischen Produkten verwendet.<\/p>\n<p>Pflanzliches Glycerin verleiht einen leicht s\u00fc\u00dfen Geschmack, ist aber kein Zucker und wird vom K\u00f6rper anders verstoffwechselt als Zucker.<\/p>\n<p>Propylenglykol ist im Vergleich dazu sehr d\u00fcnnfl\u00fcssig, aber noch s\u00fc\u00dfer als VG. PG ist daf\u00fcr bekannt, dass es einen starken Kehlkopfhieb erzeugt, weshalb einige Leute daf\u00fcr pl\u00e4dieren, mindestens 70% in ihren E-Zigaretten zu verwenden.<\/p>\n<p>PG verursacht bei manchen Menschen allergische Reaktionen, die zwar nicht schwerwiegend sind, aber dennoch. Es wird von der US-amerikanischen Food and Drug Administration allgemein als unbedenklich anerkannt, weshalb es in einer Vielzahl von Gesundheitsprodukten von Hautpflegelotionen bis hin zu K\u00f6rperpflegeprodukten und als Konservierungsmittel in Lebensmitteln zu finden ist. Bei einem kleinen Prozentsatz von Menschen, etwa 2%, treten unerw\u00fcnschte allergische Reaktionen auf PG auf, die Kurzatmigkeit oder einen trockenen Hals verursachen.<\/p>\n<p>100% VG fl\u00fcssig ist dann nat\u00fcrlich die gute Alternative, um bei Nieuwesigaret zu bestellen.<\/p>\n<p>New Cigarette hat jetzt auch eine Basismischung f\u00fcr Sie zusammengestellt, <span style=\"color: #0000ff;\"><a style=\"color: #0000ff;\" href=\"https:\/\/nieuwesigaret.nl\/de\/shop\/pg-vg-basis-mix-5050\/\">50% PG und 50% VG<\/a><\/span>k\u00f6nnen Sie sofort loslegen.<\/p>\n<p><img loading=\"lazy\" decoding=\"async\" class=\"aligncenter size-full wp-image-5190\" src=\"https:\/\/nieuwesigaret.nl\/wp-content\/uploads\/2016\/05\/VG-e1463079061618.jpg\" alt=\"Pflanzliches Glycerin\" width=\"500\" height=\"499\" \/><\/p>","protected":false},"excerpt":{"rendered":"<p>VG-Fl\u00fcssigkeit ist sehr beliebt, aber was ist das Beste f\u00fcr Sie? Wenn Sie sich das Vapor Liquid f\u00fcr E-Zigaretten genauer ansehen, werden Sie sowohl auf VG, pflanzliches Glycerin, als auch auf PG, Propylenglykol oder Propandiol sto\u00dfen, was sind diese Stoffe und was sollten Sie w\u00e4hlen? 100% VG liquid ist in den Niederlanden sehr beliebt ...<\/p>","protected":false},"author":1,"featured_media":0,"parent":0,"menu_order":0,"comment_status":"closed","ping_status":"closed","template":"","meta":{"_acf_changed":false,"_genesis_hide_title":false,"_genesis_hide_breadcrumbs":false,"_genesis_hide_singular_image":false,"_genesis_hide_footer_widgets":false,"_genesis_custom_body_class":"","_genesis_custom_post_class":"","_genesis_layout":"","footnotes":""},"class_list":{"1":"page","2":"type-page","5":"entry"},"acf":[],"_links":{"self":[{"href":"https:\/\/nieuwesigaret.nl\/de\/wp-json\/wp\/v2\/pages\/5179","targetHints":{"allow":["GET"]}}],"collection":[{"href":"https:\/\/nieuwesigaret.nl\/de\/wp-json\/wp\/v2\/pages"}],"about":[{"href":"https:\/\/nieuwesigaret.nl\/de\/wp-json\/wp\/v2\/types\/page"}],"author":[{"embeddable":true,"href":"https:\/\/nieuwesigaret.nl\/de\/wp-json\/wp\/v2\/users\/1"}],"replies":[{"embeddable":true,"href":"https:\/\/nieuwesigaret.nl\/de\/wp-json\/wp\/v2\/comments?post=5179"}],"version-history":[{"count":0,"href":"https:\/\/nieuwesigaret.nl\/de\/wp-json\/wp\/v2\/pages\/5179\/revisions"}],"wp:attachment":[{"href":"https:\/\/nieuwesigaret.nl\/de\/wp-json\/wp\/v2\/media?parent=5179"}],"curies":[{"name":"wp","href":"https:\/\/api.w.org\/{rel}","templated":true}]}}