{"id":49954,"date":"2020-12-14T12:53:36","date_gmt":"2020-12-14T11:53:36","guid":{"rendered":"https:\/\/nieuwesigaret.nl\/login-customizer\/"},"modified":"2020-12-14T12:53:36","modified_gmt":"2020-12-14T11:53:36","slug":"login-customizer","status":"publish","type":"page","link":"https:\/\/nieuwesigaret.nl\/de\/login-customizer\/","title":{"rendered":"Login-Anpassung"},"content":{"rendered":"<p>Diese Seite wird f\u00fcr das Login Customizer Plugin verwendet. Sie wird f\u00fcr Ihre Leser nicht sichtbar sein. L\u00f6schen Sie sie nicht.<\/p>","protected":false},"excerpt":{"rendered":"<p>Diese Seite wird f\u00fcr das Login Customizer Plugin verwendet. Sie wird f\u00fcr Ihre Leser nicht sichtbar sein. L\u00f6schen Sie sie nicht.<\/p>","protected":false},"author":1,"featured_media":0,"parent":0,"menu_order":0,"comment_status":"closed","ping_status":"closed","template":"template-login-customizer.php","meta":{"_acf_changed":false,"_genesis_hide_title":false,"_genesis_hide_breadcrumbs":false,"_genesis_hide_singular_image":false,"_genesis_hide_footer_widgets":false,"_genesis_custom_body_class":"","_genesis_custom_post_class":"","_genesis_layout":"","footnotes":""},"class_list":{"1":"page","2":"type-page","5":"entry"},"acf":[],"_links":{"self":[{"href":"https:\/\/nieuwesigaret.nl\/de\/wp-json\/wp\/v2\/pages\/49954","targetHints":{"allow":["GET"]}}],"collection":[{"href":"https:\/\/nieuwesigaret.nl\/de\/wp-json\/wp\/v2\/pages"}],"about":[{"href":"https:\/\/nieuwesigaret.nl\/de\/wp-json\/wp\/v2\/types\/page"}],"author":[{"embeddable":true,"href":"https:\/\/nieuwesigaret.nl\/de\/wp-json\/wp\/v2\/users\/1"}],"replies":[{"embeddable":true,"href":"https:\/\/nieuwesigaret.nl\/de\/wp-json\/wp\/v2\/comments?post=49954"}],"version-history":[{"count":0,"href":"https:\/\/nieuwesigaret.nl\/de\/wp-json\/wp\/v2\/pages\/49954\/revisions"}],"wp:attachment":[{"href":"https:\/\/nieuwesigaret.nl\/de\/wp-json\/wp\/v2\/media?parent=49954"}],"curies":[{"name":"wp","href":"https:\/\/api.w.org\/{rel}","templated":true}]}}