{"id":4896,"date":"2016-03-25T13:14:30","date_gmt":"2016-03-25T13:14:30","guid":{"rendered":"https:\/\/nieuwesigaret.nl\/?page_id=4896"},"modified":"2019-03-14T09:34:18","modified_gmt":"2019-03-14T08:34:18","slug":"e-sigaret-vloeistof","status":"publish","type":"page","link":"https:\/\/nieuwesigaret.nl\/de\/e-zigaretten-flussigkeit\/","title":{"rendered":"E-Zigaretten-Fl\u00fcssigkeit"},"content":{"rendered":"<p>Liquid E-Zigarette oder E-Liquid ist die Fl\u00fcssigkeit, die in einer elektrischen Zigarette verdampft wird, um inhalierbaren Rauchdampf zu erzeugen. Immer mehr Menschen steigen auf die e-Zigarette um, weil sie nachweislich weniger sch\u00e4dlich ist als das Rauchen normaler Zigaretten. E-Zigarettenfl\u00fcssigkeit ist auf der Website von New Cigarette sowohl mit als auch ohne Nikotin erh\u00e4ltlich.<\/p>\n<p>Eine E-Zigarette ist ein elektronisches Ger\u00e4t, das die E-Zigarettenfl\u00fcssigkeit erhitzt, bis sie verdampft. Die E-Zigarettenfl\u00fcssigkeit wird daher auch Vapor Liquid genannt. Die E-Zigarette wurde bereits vor vielen Jahren erfunden und ist daher nicht neu. Allerdings sind die elektrische Zigarette und die E-Zigarettenfl\u00fcssigkeit heutzutage viel angenehmer zu benutzen als fr\u00fcher.<\/p>\n<p style=\"margin: 30px 0;\"><a class=\"vc_general vc_btn3 vc_btn3-size-md vc_btn3-shape-rounded vc_btn3-style-modern vc_btn3-block vc_btn3-icon-left vc_btn3-color-primary\" style=\"width: 250px; text-align: center;\" title=\"\" href=\"https:\/\/nieuwesigaret.nl\/de\/shop\/\"><i class=\"vc_btn3-icon fa fa-dropbox\"><\/i> <span style=\"color: #0000ff;\"><strong>Unsere Produkte ansehen<\/strong><\/span><\/a><\/p>\n<h2>E-Zigarettenfl\u00fcssigkeit f\u00fcr elektronisches Rauchen<\/h2>\n<p>E-Zigarettenfl\u00fcssigkeit ist f\u00fcr das elektronische Rauchen notwendig und hat in letzter Zeit an Popularit\u00e4t gewonnen. Die Dampffl\u00fcssigkeit enth\u00e4lt in der Regel drei Bestandteile: ein L\u00f6sungsmittel, einen Aromastoff und gegebenenfalls Nikotin. Das L\u00f6sungsmittel ist h\u00e4ufig eine Kombination aus <strong><span style=\"color: #0000ff;\"><a style=\"color: #0000ff;\" href=\"https:\/\/nieuwesigaret.nl\/de\/shop\/pg-vg\/\">pflanzliches Glycerin und Propylenglykol<\/a>.<\/span><\/strong><\/p>\n<p>Nikotin ist an sich geschmacksneutral und hat daher keinen Einfluss auf den Geschmack der E-Zigarettenfl\u00fcssigkeit. So kann der Raucher selbst bestimmen, wie das E-Raucher-Liquid schmeckt. Das Sortiment von New Cigarette enth\u00e4lt eine Vielzahl von lecker schmeckenden<span style=\"color: #0000ff;\"><strong> <a style=\"color: #0000ff;\" href=\"https:\/\/nieuwesigaret.nl\/de\/shop\/flussigkeitsarome\/\">fl\u00fcssige Aromen<\/a>,<\/strong><\/span> Sie k\u00f6nnen also w\u00e4hlen, welchen Geschmack Sie haben m\u00f6chten.<\/p>\n<h3>Billige e-Zigarette Fl\u00fcssigkeit<\/h3>\n<p>Das Rauchen von E-Zigaretten-Fl\u00fcssigkeit hat weit weniger Nachteile als das Rauchen von herk\u00f6mmlichem Tabak. Eine gew\u00f6hnliche Zigarette enth\u00e4lt Tausende von Substanzen, die f\u00fcr die menschliche Gesundheit besonders sch\u00e4dlich sind. E-Zigarettenfl\u00fcssigkeit enth\u00e4lt nur drei Inhaltsstoffe, so dass das Rauchen einer elektronischen Zigarette viel weniger gesundheitssch\u00e4dliche Auswirkungen hat.<\/p>\n<p>Der Zusatz eines dieser drei Inhaltsstoffe, n\u00e4mlich Nikotin, ist sogar optional. So k\u00f6nnen Sie beispielsweise den Nikotingehalt in der E-Zigarettenfl\u00fcssigkeit schrittweise reduzieren, wenn Sie mit dem Rauchen aufh\u00f6ren m\u00f6chten. M\u00f6chten Sie Nikotin in Ihrer E-Zigarettenfl\u00fcssigkeit? Dann bietet New Cigarette mit 10% NBV oder 100 mg Nikotin die E-Zigarettenfl\u00fcssigkeit mit der h\u00f6chsten Nikotinst\u00e4rke in der Branche.<\/p>\n<p style=\"margin: 30px 0;\"><a class=\"vc_general vc_btn3 vc_btn3-size-md vc_btn3-shape-rounded vc_btn3-style-modern vc_btn3-block vc_btn3-icon-left vc_btn3-color-primary\" style=\"width: 250px; text-align: center;\" title=\"\" href=\"https:\/\/nieuwesigaret.nl\/de\/\"><i class=\"vc_btn3-icon fa fa-info\"><\/i> <span style=\"color: #0000ff;\"><strong>Weitere Informationen<\/strong><\/span><\/a><\/p>\n<h3>E-Zigarettenfl\u00fcssigkeit selbst herstellen<\/h3>\n<p>F\u00fcr weniger als 3 Euro k\u00f6nnen Sie im Webshop von New Cigarette eine Flasche mit 10 ml E-Zigarettenfl\u00fcssigkeit kaufen. Sie k\u00f6nnen u. a. die gew\u00fcnschten <a href=\"https:\/\/nieuwesigaret.nl\/de\/shop\/e-liquid-voor-u-op-smaak-gemaakt\/\">Geschmack<\/a>Sie k\u00f6nnen auch die Nikotinmenge und das PG-VG-Verh\u00e4ltnis w\u00e4hlen. Wir werden dann die e-Zigarette Fl\u00fcssigkeit f\u00fcr Sie anpassen. M\u00f6chten Sie die E-Zigarettenfl\u00fcssigkeit selbst herstellen?<\/p>\n<p>Nat\u00fcrlich ist dies auch bei New Cigarette m\u00f6glich. Dadurch sparen Sie nicht nur Geld, sondern haben auch mehr Kontrolle \u00fcber die Zusammensetzung Ihrer E-Zigarettenfl\u00fcssigkeit. Dies ist besonders n\u00fctzlich, wenn Sie zum Beispiel aussteigen wollen. Mit Hilfe unserer speziellen App k\u00f6nnen Sie die optimalen Proportionen Ihrer E-Zigarettenfl\u00fcssigkeit berechnen.<\/p>","protected":false},"excerpt":{"rendered":"<p>Liquid E-Zigarette oder E-Liquid ist die Fl\u00fcssigkeit, die in einer elektrischen Zigarette verdampft wird, um inhalierbaren Rauchdampf zu erzeugen. Immer mehr Menschen steigen auf die e-Zigarette um, weil sie nachweislich weniger sch\u00e4dlich ist als das Rauchen normaler Zigaretten. E-Zigarette Fl\u00fcssigkeit ist auf der Website von New Cigarette sowohl mit ...<\/p>","protected":false},"author":1,"featured_media":0,"parent":0,"menu_order":0,"comment_status":"closed","ping_status":"closed","template":"","meta":{"_acf_changed":false,"_genesis_hide_title":false,"_genesis_hide_breadcrumbs":false,"_genesis_hide_singular_image":false,"_genesis_hide_footer_widgets":false,"_genesis_custom_body_class":"","_genesis_custom_post_class":"","_genesis_layout":"","footnotes":""},"class_list":{"1":"page","2":"type-page","5":"entry"},"acf":[],"_links":{"self":[{"href":"https:\/\/nieuwesigaret.nl\/de\/wp-json\/wp\/v2\/pages\/4896","targetHints":{"allow":["GET"]}}],"collection":[{"href":"https:\/\/nieuwesigaret.nl\/de\/wp-json\/wp\/v2\/pages"}],"about":[{"href":"https:\/\/nieuwesigaret.nl\/de\/wp-json\/wp\/v2\/types\/page"}],"author":[{"embeddable":true,"href":"https:\/\/nieuwesigaret.nl\/de\/wp-json\/wp\/v2\/users\/1"}],"replies":[{"embeddable":true,"href":"https:\/\/nieuwesigaret.nl\/de\/wp-json\/wp\/v2\/comments?post=4896"}],"version-history":[{"count":0,"href":"https:\/\/nieuwesigaret.nl\/de\/wp-json\/wp\/v2\/pages\/4896\/revisions"}],"wp:attachment":[{"href":"https:\/\/nieuwesigaret.nl\/de\/wp-json\/wp\/v2\/media?parent=4896"}],"curies":[{"name":"wp","href":"https:\/\/api.w.org\/{rel}","templated":true}]}}