{"id":4895,"date":"2016-03-25T13:14:24","date_gmt":"2016-03-25T13:14:24","guid":{"rendered":"https:\/\/nieuwesigaret.nl\/?page_id=4895"},"modified":"2016-04-08T14:16:49","modified_gmt":"2016-04-08T14:16:49","slug":"e-liquid-kopen-nl","status":"publish","type":"page","link":"https:\/\/nieuwesigaret.nl\/de\/e-liquid-kopen-nl\/","title":{"rendered":"E-Fl\u00fcssigkeit kaufen"},"content":{"rendered":"<p>Haben Sie eine elektrische Zigarette und sind Sie ein Fan des elektrischen Rauchens? Dann k\u00f6nnen Sie auf der Website von New Cigarette schnell und g\u00fcnstig E-Liquid kaufen. Wir bieten Ihnen eine breite Palette<span style=\"color: #0000ff;\"><strong> <a style=\"color: #0000ff;\" href=\"https:\/\/nieuwesigaret.nl\/de\/shop\/e-liquid-voor-u-op-smaak-gemaakt\/\">E-Liquid-Aromen<\/a><\/strong><\/span> als hochwertige Dampffl\u00fcssigkeit f\u00fcr Ihre E-Zigarette. Viel billiger als der Kauf von E-Liquid in einem Gesch\u00e4ft!<\/p>\n<p>E-Liquid ist die notwendige Zutat f\u00fcr eine E-Zigarette, die die Fl\u00fcssigkeit beim Rauchen verdampft. Immer mehr Menschen in den Niederlanden entscheiden sich f\u00fcr das elektrische Rauchen, weil es nicht nur viel billiger, sondern auch ges\u00fcnder ist als das Rauchen einer normalen Zigarette. Der Kauf von billigem E-Liquid ist eine kluge Investition in Ihre Gesundheit.<\/p>\n<p style=\"margin: 30px 0;\"><a class=\"vc_general vc_btn3 vc_btn3-size-md vc_btn3-shape-rounded vc_btn3-style-modern vc_btn3-block vc_btn3-icon-left vc_btn3-color-primary\" style=\"width: 250px; text-align: center;\" title=\"\" href=\"https:\/\/nieuwesigaret.nl\/de\/shop\/\"><i class=\"vc_btn3-icon fa fa-dropbox\"><\/i> <span style=\"color: #0000ff;\"><strong>Unsere Produkte ansehen<\/strong><\/span><\/a><\/p>\n<h2>E-Fl\u00fcssigkeit billig kaufen<\/h2>\n<p>In den Niederlanden k\u00f6nnen Sie E-Liquid kaufen, das aus 2 oder 3 verschiedenen Zutaten besteht. Erstens enth\u00e4lt E-Liquid ein L\u00f6sungsmittel, das eine Kombination aus pflanzlichem Glycerin und Propylenglykol ist. Das Verh\u00e4ltnis dieser Zutaten zueinander bleibt Ihnen \u00fcberlassen. Zweitens enth\u00e4lt die E-Liquid ein Aroma, das den Geschmack beim Rauchen einer E-Zigarette bestimmt.<\/p>\n<p>Der dritte Inhaltsstoff, das Nikotin, ist v\u00f6llig freiwillig. Das Vorhandensein von Nikotin hat jedoch keinen Einfluss auf den Geschmack von E-Liquid. Bei Nieuwesigaret haben Sie die Wahl zwischen einer Vielzahl von k\u00f6stlichen Geschmacksrichtungen, darunter Fr\u00fcchte, Tabak und viele andere. Auf unserer Website k\u00f6nnen Sie also E-Liquid in jeder gew\u00fcnschten Geschmacksrichtung kaufen.<\/p>\n<h3>Kaufen E fl\u00fcssig Niederlande<\/h3>\n<p>Zahlreiche Studien haben gezeigt, dass das Rauchen von normalem Tabak negative Auswirkungen auf die Gesundheit hat. Dies ist vor allem auf die vielen tausend sch\u00e4dlichen Inhaltsstoffe des Tabaks zur\u00fcckzuf\u00fchren. Der Kauf von E-Liquid ist eine <a href=\"https:\/\/nieuwesigaret.nl\/de\/e-zigaretten-95-geringer-schadlich\/\"><span style=\"color: #0000ff;\"><strong>ges\u00fcnder<\/strong> <strong>alternativ<\/strong><\/span><\/a>denn fast alle diese sch\u00e4dlichen Stoffe sind in E-Liquid nicht enthalten.<\/p>\n<p>Ein weiterer Vorteil des Kaufs von E-Liquid ist, dass Sie die genaue Nikotinmenge in Ihrer E-Zigarette selbst bestimmen k\u00f6nnen. M\u00f6chten Sie elektrisch rauchen ohne Nikotin? Dann kaufen Sie bei Nieuwesigaret einfach Ihr Lieblings-E-Liquid ohne Nikotin. F\u00fcr Raucher, die aussteigen wollen, bieten wir E-Liquid mit einer Nikotinst\u00e4rke von bis zu 10% NBV oder 100 mg Nikotin an.<\/p>\n<p style=\"margin: 30px 0;\"><a class=\"vc_general vc_btn3 vc_btn3-size-md vc_btn3-shape-rounded vc_btn3-style-modern vc_btn3-block vc_btn3-icon-left vc_btn3-color-primary\" style=\"width: 250px; text-align: center;\" title=\"\" href=\"https:\/\/nieuwesigaret.nl\/de\/\"><i class=\"vc_btn3-icon fa fa-info\"><\/i> <span style=\"color: #0000ff;\"><strong>Weitere Informationen<\/strong><\/span><\/a><\/p>\n<h3>E-Liquid in einem Gesch\u00e4ft kaufen oder selbst herstellen<\/h3>\n<p>E-Fl\u00fcssigkeit kann \u00fcber die Website von Nieuwesigaret auf verschiedene Weise erworben werden. W\u00e4hrend des Kaufvorgangs k\u00f6nnen Sie aus mehreren Optionen w\u00e4hlen. Sie k\u00f6nnen zum Beispiel den gew\u00fcnschten Geschmack, den Nikotingehalt und das Verh\u00e4ltnis von pflanzlichem Glycerin zu Propylenglykol eingeben. Auf diese Weise kaufen Sie immer ein E-Liquid, das auf der Grundlage Ihrer spezifischen Anforderungen zusammengestellt wurde.<\/p>\n<p>Sie m\u00f6chten kein von uns hergestelltes E-Liquid kaufen, sondern selbst ein E-Liquid herstellen? Dann kaufen Sie die notwendigen Zutaten einfach separat in unserem Webshop. Wir haben eine<span style=\"color: #0000ff;\"><strong> <a style=\"color: #0000ff;\" href=\"https:\/\/nieuwesigaret.nl\/de\/app\/\">praktische Anwendung<\/a> <\/strong><\/span>die es Ihnen erm\u00f6glicht, das optimale Verh\u00e4ltnis der verschiedenen Zutaten selbst zu berechnen. Die Herstellung von E-Liquid war noch nie so einfach!<\/p>","protected":false},"excerpt":{"rendered":"<p>Haben Sie eine elektrische Zigarette und sind Sie ein Fan des elektrischen Rauchens? Dann k\u00f6nnen Sie schnell und billig kaufen e Fl\u00fcssigkeit auf der Website von New Cigarette. Wir bieten Ihnen eine breite Palette von e Fl\u00fcssigkeit Aromen als eine hohe Qualit\u00e4t Dampf Fl\u00fcssigkeit f\u00fcr Ihre e-Zigarette. Viel billiger als der Kauf von E-Liquid im Laden! E fl\u00fcssig ...<\/p>","protected":false},"author":1,"featured_media":0,"parent":0,"menu_order":0,"comment_status":"closed","ping_status":"closed","template":"","meta":{"_acf_changed":false,"_genesis_hide_title":false,"_genesis_hide_breadcrumbs":false,"_genesis_hide_singular_image":false,"_genesis_hide_footer_widgets":false,"_genesis_custom_body_class":"","_genesis_custom_post_class":"","_genesis_layout":"","footnotes":""},"class_list":{"1":"page","2":"type-page","5":"entry"},"acf":[],"_links":{"self":[{"href":"https:\/\/nieuwesigaret.nl\/de\/wp-json\/wp\/v2\/pages\/4895","targetHints":{"allow":["GET"]}}],"collection":[{"href":"https:\/\/nieuwesigaret.nl\/de\/wp-json\/wp\/v2\/pages"}],"about":[{"href":"https:\/\/nieuwesigaret.nl\/de\/wp-json\/wp\/v2\/types\/page"}],"author":[{"embeddable":true,"href":"https:\/\/nieuwesigaret.nl\/de\/wp-json\/wp\/v2\/users\/1"}],"replies":[{"embeddable":true,"href":"https:\/\/nieuwesigaret.nl\/de\/wp-json\/wp\/v2\/comments?post=4895"}],"version-history":[{"count":0,"href":"https:\/\/nieuwesigaret.nl\/de\/wp-json\/wp\/v2\/pages\/4895\/revisions"}],"wp:attachment":[{"href":"https:\/\/nieuwesigaret.nl\/de\/wp-json\/wp\/v2\/media?parent=4895"}],"curies":[{"name":"wp","href":"https:\/\/api.w.org\/{rel}","templated":true}]}}