{"id":4894,"date":"2016-03-25T13:14:44","date_gmt":"2016-03-25T12:14:44","guid":{"rendered":"https:\/\/nieuwesigaret.nl\/?page_id=4894"},"modified":"2018-11-20T11:12:17","modified_gmt":"2018-11-20T10:12:17","slug":"beste-e-liquid1","status":"publish","type":"page","link":"https:\/\/nieuwesigaret.nl\/de\/best-e-liquid1\/","title":{"rendered":"Beste E-Fl\u00fcssigkeit"},"content":{"rendered":"<p>Wenn Sie eine E-Zigarette haben, m\u00f6chten Sie nat\u00fcrlich eine qualitativ hochwertige und schmackhafte E-Fl\u00fcssigkeit bestellen. Nieuwesigaret bietet Ihnen eine gro\u00dfe Auswahl an den besten E-Liquids in vielen verschiedenen Geschmacksrichtungen. Auf unserer Website finden Sie die besten E-Fl\u00fcssigkeiten in den Niederlanden und Sie k\u00f6nnen einfach und kosteng\u00fcnstig bestellen Fl\u00fcssigkeit, die vollst\u00e4ndig ist <a href=\"https:\/\/nieuwesigaret.nl\/de\/shop\/e-liquid-voor-u-op-smaak-gemaakt\/\">zusammengestellt auf der Basis Ihrer individuellen Anforderungen<\/a>.<\/p>\n<p>Die beste E-Liquid ist eine E-Liquid, die nicht nur gut schmeckt, sondern auch die Verdampfung optimiert. Die Verdampfung ist der Verdampfungsprozess in einer E-Zigarette, der stattfindet, wenn die E-Fl\u00fcssigkeit durch ein internes Heizelement in Dampf umgewandelt wird. E-Liquid ist ges\u00fcnder und billiger als normaler Tabak und daher die beste Wahl f\u00fcr Menschen, die rauchen wollen.<\/p>\n<p style=\"margin: 30px 0;\"><a class=\"vc_general vc_btn3 vc_btn3-size-md vc_btn3-shape-rounded vc_btn3-style-modern vc_btn3-block vc_btn3-icon-left vc_btn3-color-primary\" style=\"width: 250px; text-align: center;\" title=\"\" href=\"https:\/\/nieuwesigaret.nl\/de\/shop\/\"><i class=\"vc_btn3-icon fa fa-dropbox\"><\/i> Unsere Produkte ansehen<\/a><\/p>\n<h2>Beste e liquid Bestellung<\/h2>\n<p>E-Liquid besteht aus nur wenigen Inhaltsstoffen, deren Verh\u00e4ltnis der Benutzer bis zu einem gewissen Grad selbst bestimmen kann. Das beste E-Liquid ist daher f\u00fcr jeden anders. Einige Raucher bevorzugen E-Liquids mit einem relativ hohen Anteil von Propylenglykol zu pflanzlichem Glycerin, w\u00e4hrend andere eine bestimmte Geschmacksrichtung oder eine bestimmte Art von E-Liquid bevorzugen. <a href=\"https:\/\/nieuwesigaret.nl\/de\/nicotine-test\/\">E-Liquid ohne Nikotin<\/a> bestellen.<\/p>\n<p>Der gro\u00dfe Vorteil von E-Liquids ist ihre gro\u00dfe Vielseitigkeit. Die beste E-Liquid ist nicht so sehr die E-Liquid mit der geringsten Nikotinmenge, sondern die E-Liquid, die von der Zusammensetzung her am besten zu Ihren pers\u00f6nlichen Bed\u00fcrfnissen passt. Nieuwesigaret hat viele verschiedene Geschmacksrichtungen von e Fl\u00fcssigkeit und bietet wirklich etwas f\u00fcr jeden elektrischen Raucher.<\/p>\n<h3>Beste e liquids Niederlande<\/h3>\n<p>Dass das Rauchen von herk\u00f6mmlichem Tabak negative Auswirkungen auf die Gesundheit hat, ist unbestritten. Es gibt zahlreiche Beweise daf\u00fcr, dass die Tausenden von sch\u00e4dlichen Inhaltsstoffen im Tabakrauch zu einer Vielzahl von Krankheiten und St\u00f6rungen f\u00fchren k\u00f6nnen. E liquid enth\u00e4lt fast keine dieser Inhaltsstoffe und ist daher eine relativ gesunde Alternative.<\/p>\n<p>Die besten E-Liquids in den Niederlanden finden Sie auf der Website von Nieuwesigaret. Sie k\u00f6nnen nicht nur aus zahlreichen leckeren Fl\u00fcssiggeschmacksrichtungen w\u00e4hlen, sondern haben auch die M\u00f6glichkeit, die Nikotinmenge in Ihrer elektrischen Zigarette zu bestimmen. Dies ist ideal f\u00fcr die Verj\u00fcngung ab, wenn Sie mit dem Rauchen aufh\u00f6ren wollen und macht unsere flexible e Fl\u00fcssigkeit die beste e Fl\u00fcssigkeit in den Niederlanden.<\/p>\n<p style=\"margin: 30px 0;\"><a class=\"vc_general vc_btn3 vc_btn3-size-md vc_btn3-shape-rounded vc_btn3-style-modern vc_btn3-block vc_btn3-icon-left vc_btn3-color-primary\" style=\"width: 250px; text-align: center;\" title=\"\" href=\"https:\/\/nieuwesigaret.nl\/de\/\"><i class=\"vc_btn3-icon fa fa-info\"><\/i> Weitere Informationen<\/a><\/p>\n<h3>Beste E-Liquid-Marke<\/h3>\n<p>Nieuwesigaret bietet Ihnen die beste E-Fl\u00fcssigkeit Marke, wenn Sie wollen, um billige E-Fl\u00fcssigkeit schnell und einfach zu bestellen. Sie haben die volle Kontrolle \u00fcber die Zusammensetzung des E-Liquids, denn auf unserer Website k\u00f6nnen Sie ganz einfach die genauen Mengenverh\u00e4ltnisse der Inhaltsstoffe eingeben. Mit ein paar Klicks haben Sie die beste E-Fl\u00fcssigkeit zusammengestellt.<\/p>\n<p>Wenn Sie nicht auf der Suche nach der besten E-Liquid-Marke sind, aber gerne <a href=\"https:\/\/nieuwesigaret.nl\/de\/product-category\/diy-e-liquid\/\">E-Liquid selbst herstellen<\/a>? Auch daf\u00fcr sind Sie im Webshop von Nieuwesigaret an der richtigen Stelle. Sie k\u00f6nnen alle notwendigen Zutaten separat auf unserer Website bestellen, so dass Sie das beste E-Liquid selbst herstellen k\u00f6nnen. Auf diese Weise sind Sie auch viel billiger.<\/p>","protected":false},"excerpt":{"rendered":"<p>Wenn Sie eine E-Zigarette haben, m\u00f6chten Sie nat\u00fcrlich eine qualitativ hochwertige und schmackhafte E-Fl\u00fcssigkeit bestellen. Nieuwesigaret bietet Ihnen eine gro\u00dfe Auswahl an den besten E-Liquids in vielen verschiedenen Geschmacksrichtungen. Auf unserer Website finden Sie die besten e Fl\u00fcssigkeiten in den Niederlanden und Sie k\u00f6nnen einfach und kosteng\u00fcnstig eine Fl\u00fcssigkeit, die vollst\u00e4ndig auf der Grundlage von ...<\/p>","protected":false},"author":1,"featured_media":0,"parent":0,"menu_order":0,"comment_status":"closed","ping_status":"closed","template":"","meta":{"_acf_changed":false,"_genesis_hide_title":false,"_genesis_hide_breadcrumbs":false,"_genesis_hide_singular_image":false,"_genesis_hide_footer_widgets":false,"_genesis_custom_body_class":"","_genesis_custom_post_class":"","_genesis_layout":"","footnotes":""},"class_list":{"1":"page","2":"type-page","5":"entry"},"acf":[],"_links":{"self":[{"href":"https:\/\/nieuwesigaret.nl\/de\/wp-json\/wp\/v2\/pages\/4894","targetHints":{"allow":["GET"]}}],"collection":[{"href":"https:\/\/nieuwesigaret.nl\/de\/wp-json\/wp\/v2\/pages"}],"about":[{"href":"https:\/\/nieuwesigaret.nl\/de\/wp-json\/wp\/v2\/types\/page"}],"author":[{"embeddable":true,"href":"https:\/\/nieuwesigaret.nl\/de\/wp-json\/wp\/v2\/users\/1"}],"replies":[{"embeddable":true,"href":"https:\/\/nieuwesigaret.nl\/de\/wp-json\/wp\/v2\/comments?post=4894"}],"version-history":[{"count":0,"href":"https:\/\/nieuwesigaret.nl\/de\/wp-json\/wp\/v2\/pages\/4894\/revisions"}],"wp:attachment":[{"href":"https:\/\/nieuwesigaret.nl\/de\/wp-json\/wp\/v2\/media?parent=4894"}],"curies":[{"name":"wp","href":"https:\/\/api.w.org\/{rel}","templated":true}]}}