{"id":4893,"date":"2016-03-25T13:14:17","date_gmt":"2016-03-25T13:14:17","guid":{"rendered":"https:\/\/nieuwesigaret.nl\/?page_id=4893"},"modified":"2018-11-20T12:07:32","modified_gmt":"2018-11-20T11:07:32","slug":"goedkope-e-liquid1","status":"publish","type":"page","link":"https:\/\/nieuwesigaret.nl\/de\/billig-e-flussig1\/","title":{"rendered":"G\u00fcnstige E-Fl\u00fcssigkeit"},"content":{"rendered":"<p>Sind Sie auf der Suche nach billigen E-Fl\u00fcssigkeiten von h\u00f6chster Qualit\u00e4t? Dann sind Sie im Webshop von Nieuwesigaret an der richtigen Adresse. Wir bieten Ihnen eine gro\u00dfe Auswahl an g\u00fcnstigen E-Liquids, die Sie als leckere F\u00fcllung f\u00fcr Ihre E-Zigarette verwenden k\u00f6nnen. Eine solche E-Zigarette wird oft als elektronische Zigarette oder als E-Raucher bezeichnet.<\/p>\n<p>Unser billiges E-Liquid dient als F\u00fcllung f\u00fcr eine E-Zigarette und verdampft beim Rauchen der Zigarette zu inhalierbarem Dampf (Rauch). Die Verwendung billiger E-Liquids boomt, denn das Rauchen von Liquid mit einem E-Raucher ist weit weniger sch\u00e4dlich als das Rauchen von herk\u00f6mmlichem Tabak.<\/p>\n<p style=\"margin: 30px 0;\"><a class=\"vc_general vc_btn3 vc_btn3-size-md vc_btn3-shape-rounded vc_btn3-style-modern vc_btn3-block vc_btn3-icon-left vc_btn3-color-primary\" style=\"width: 250px; text-align: center;\" title=\"\" href=\"https:\/\/nieuwesigaret.nl\/de\/shop\/\"><i class=\"vc_btn3-icon fa fa-dropbox\"><\/i> <span style=\"color: #0000ff;\"><strong>Unsere Produkte ansehen<\/strong><\/span><\/a><\/p>\n<h2>Billige E-Liquid als F\u00fcllung f\u00fcr E-Zigarette<\/h2>\n<p>Im Gegensatz zu normalem Tabak besteht billiges E-Liquid aus nur 3 Zutaten: Nikotin (in einer Menge, die der Raucher selbst bestimmen kann), ein <strong><span style=\"color: #0000ff;\"><a style=\"color: #0000ff;\" href=\"https:\/\/nieuwesigaret.nl\/de\/shop\/flussigkeitsarome\/\">fl\u00fcssiges Aroma<\/a> <\/span><\/strong>(dies verleiht der E-Zigarette ihren Geschmack) und ein L\u00f6sungsmittel (eine Mischung aus Propylenglykol und pflanzlichem Glycerin in einem vom Benutzer festgelegten Verh\u00e4ltnis).<\/p>\n<p>Die Fl\u00fcssigkeit in einem E-Raucher verleiht der elektrischen Zigarette einen einzigartigen Geschmack und macht das Rauchen zu einem sehr angenehmen Erlebnis. Auf der Website von New Cigarette finden Sie eine breite Palette von verschiedenen billigen e Fl\u00fcssigkeit Aromen, einschlie\u00dflich Tabak-Aromen, Frucht-Aromen und viele andere attraktive Aromen.<\/p>\n<h3>Kaufen Sie billig Premium e Fl\u00fcssigkeit<\/h3>\n<p>Einer der Gr\u00fcnde f\u00fcr die zunehmende Beliebtheit von billigen E-Liquid ist die<strong><span style=\"color: #0000ff;\"> <a style=\"color: #0000ff;\" href=\"https:\/\/nieuwesigaret.nl\/de\/e-zigaretten-95-geringer-schadlich\/\">positive Auswirkungen auf die Gesundheit<\/a><\/span><\/strong> im Vergleich zum Rauchen von normalem Tabak. W\u00e4hrend Tabak aus Tausenden von Inhaltsstoffen besteht, die sich katastrophal auf die Gesundheit des Rauchers auswirken, enth\u00e4lt billiges E-Liquid nur wenige Inhaltsstoffe, die zudem viel weniger sch\u00e4dlich sind.<\/p>\n<p>Au\u00dferdem kann der Raucher eines E-Smokers die Dosierung des Suchtmittels selbst bestimmen. <strong><span style=\"color: #0000ff;\"><a style=\"color: #0000ff;\" href=\"https:\/\/nieuwesigaret.nl\/de\/nicotine-test\/\">Nikotin<\/a> <\/span><\/strong><span style=\"color: #0000ff;\"><span style=\"color: #000000;\">b<\/span><\/span>epals. Das Premium E-Liquid von New Cigarette hat eine Nikotinst\u00e4rke von bis zu 10% NBV oder 100 mg Nikotin und liegt damit an der Spitze des Marktsegments. Wir bieten Ihnen aber auch g\u00fcnstige E-Liquids mit geringerem Nikotingehalt oder sogar ohne Nikotin an. Ideal, um schnell zuzuschlagen!<\/p>\n<p style=\"margin: 30px 0;\"><a class=\"vc_general vc_btn3 vc_btn3-size-md vc_btn3-shape-rounded vc_btn3-style-modern vc_btn3-block vc_btn3-icon-left vc_btn3-color-primary\" style=\"width: 250px; text-align: center;\" title=\"\" href=\"https:\/\/nieuwesigaret.nl\/de\/\"><i class=\"vc_btn3-icon fa fa-info\"><\/i> <span style=\"color: #0000ff;\"><strong>Weitere Informationen<\/strong><\/span><\/a><\/p>\n<h3>Billige e Fl\u00fcssigkeit e Raucher<\/h3>\n<p>Im Webshop von Nieuwesigaret k\u00f6nnen Sie eine Flasche billiges E-Liquid von 10 ml f\u00fcr nur 2,59 \u20ac kaufen. W\u00e4hrend des Bestellvorgangs k\u00f6nnen Sie das gew\u00fcnschte PG\/VG-Verh\u00e4ltnis sowie den gew\u00fcnschten Nikotingehalt und das Liquid-Aroma eingeben. Auf diese Weise ist Ihr Premium-E-Liquid immer ma\u00dfgeschneidert. Eine weitere gute M\u00f6glichkeit ist, die Fl\u00fcssigkeit f\u00fcr Ihren E-Raucher anzupassen. <strong><span style=\"color: #0000ff;\"><a style=\"color: #0000ff;\" href=\"https:\/\/nieuwesigaret.nl\/de\/product-category\/diy-e-liquid\/\">um sich selbst zu machen<\/a>.<\/span><\/strong><\/p>\n<p>Diese M\u00f6glichkeit bieten wir Ihnen auch bei Nieuwesigaret, denn Sie k\u00f6nnen alle notwendigen Zutaten separat auf unserer Website bestellen. So sparen Sie Geld und k\u00f6nnen den Inhalt Ihres billigen E-Liquids regelm\u00e4\u00dfig anpassen. Dies ist unter anderem sehr n\u00fctzlich, wenn Sie den Nikotingehalt in Ihrem E-Liquid schrittweise senken wollen.<\/p>","protected":false},"excerpt":{"rendered":"<p>Sind Sie auf der Suche nach billigen E-Fl\u00fcssigkeiten von h\u00f6chster Qualit\u00e4t? Dann sind Sie im Webshop von Nieuwesigaret an der richtigen Adresse. Wir bieten Ihnen eine breite Palette von g\u00fcnstigen e Fl\u00fcssigkeit, die Sie als eine k\u00f6stliche Nachf\u00fcllung f\u00fcr Ihre e-Zigarette verwenden k\u00f6nnen. Eine solche E-Zigarette wird oft auch als elektronische Zigarette bezeichnet...<\/p>","protected":false},"author":1,"featured_media":0,"parent":0,"menu_order":0,"comment_status":"closed","ping_status":"closed","template":"","meta":{"_acf_changed":false,"_genesis_hide_title":false,"_genesis_hide_breadcrumbs":false,"_genesis_hide_singular_image":false,"_genesis_hide_footer_widgets":false,"_genesis_custom_body_class":"","_genesis_custom_post_class":"","_genesis_layout":"","footnotes":""},"class_list":{"1":"page","2":"type-page","5":"entry"},"acf":[],"_links":{"self":[{"href":"https:\/\/nieuwesigaret.nl\/de\/wp-json\/wp\/v2\/pages\/4893","targetHints":{"allow":["GET"]}}],"collection":[{"href":"https:\/\/nieuwesigaret.nl\/de\/wp-json\/wp\/v2\/pages"}],"about":[{"href":"https:\/\/nieuwesigaret.nl\/de\/wp-json\/wp\/v2\/types\/page"}],"author":[{"embeddable":true,"href":"https:\/\/nieuwesigaret.nl\/de\/wp-json\/wp\/v2\/users\/1"}],"replies":[{"embeddable":true,"href":"https:\/\/nieuwesigaret.nl\/de\/wp-json\/wp\/v2\/comments?post=4893"}],"version-history":[{"count":0,"href":"https:\/\/nieuwesigaret.nl\/de\/wp-json\/wp\/v2\/pages\/4893\/revisions"}],"wp:attachment":[{"href":"https:\/\/nieuwesigaret.nl\/de\/wp-json\/wp\/v2\/media?parent=4893"}],"curies":[{"name":"wp","href":"https:\/\/api.w.org\/{rel}","templated":true}]}}