{"id":4808,"date":"2016-03-13T13:28:02","date_gmt":"2016-03-13T13:28:02","guid":{"rendered":"https:\/\/nieuwesigaret.nl\/?page_id=4808"},"modified":"2019-09-03T09:37:25","modified_gmt":"2019-09-03T07:37:25","slug":"ingredienten-e-liquid","status":"publish","type":"page","link":"https:\/\/nieuwesigaret.nl\/de\/inhaltsstoffe-e-flussig\/","title":{"rendered":"Inhaltsstoffe in Ihrem E-Liquid"},"content":{"rendered":"<h1><img loading=\"lazy\" decoding=\"async\" class=\"aligncenter size-full wp-image-4810\" src=\"https:\/\/nieuwesigaret.nl\/wp-content\/uploads\/2016\/03\/Electronic-Cigarette-Juice-Ingredients-Still-A-Mystery.jpg\" alt=\"e Fl\u00fcssigkeit, was drin ist\" width=\"500\" height=\"360\" \/><\/h1>\n<h1><\/h1>\n<h2>E fl\u00fcssig ? Die Inhaltsstoffe, was enth\u00e4lt es?<\/h2>\n<p>Inhaltsstoffe von E-Liquid, was ist in unserem Dampfliquid enthalten? In unserer zunehmend gesundheitsbewussten Gesellschaft wollen immer mehr Menschen sicher sein, dass sie genau wissen, was \u00fcber den Konsum in ihren K\u00f6rper gelangt. In dem Ma\u00dfe, wie neue Informationen \u00fcber das Zigarettenrauchen verf\u00fcgbar werden, erw\u00e4gen immer mehr Menschen den Umstieg auf das elektrische Rauchen, die elektrische Zigarette, als Alternative zum Tabakrauchen.  Heute werden wir \u00fcber die Inhaltsstoffe der Fl\u00fcssigkeit sprechen, die in eine elektrische Zigarette kommt, die E-Liquid.<\/p>\n<h3>Was ist also im E-Zigaretten-\"Saft\" enthalten?<\/h3>\n<p>Elektronische Zigaretten enthalten weit weniger Inhaltsstoffe als die Tausenden, die in herk\u00f6mmlichen Tabakzigaretten enthalten sind.<br \/>\nDie Hauptbestandteile der F\u00fcllung von elektronischen Zigaretten sind Propylenglykol und pflanzliches Glycerin, die h\u00e4ufig f\u00fcr Farbstoffe und Mundwasser verwendet werden. Im Gegensatz zu anderen sch\u00e4dlichen Stoffen wie dem Teer in Tabakzigaretten gilt Propylenglykol nicht als krebserregend. Es wurde von der Regierung und von Wissenschaftlern gr\u00fcndlich bewertet, die sich einig sind, dass es in Dutzenden von Produkten wie Sch\u00f6nheitsmitteln und beispielsweise in der Landwirtschaft, wo es zu Tausenden mit Tierfutter, insbesondere f\u00fcr K\u00fche, gemischt wird, sicher verwendet werden kann.<br \/>\nNat\u00fcrlich w\u00e4ren elektrische Zigaretten ohne den Zusatz von Nikotin nicht vollst\u00e4ndig. New Cigarette bietet die h\u00f6chste Nikotinst\u00e4rke in unserer Branche, 10 % NBV oder 100 mg, zusammen mit 2 niedrigeren Nikotinst\u00e4rken und Nikotinfrei. Die Nutzer elektrischer Zigaretten k\u00f6nnen ihren individuellen Nikotingehalt selbst bestimmen, was sie wesentlich flexibler macht als herk\u00f6mmliche Alternativen. Dar\u00fcber hinaus ist VG oder pflanzliches Glycerin ein immer wichtigerer Inhaltsstoff, der auch in der Lebensmittel- und Kosmetikindustrie weit verbreitet ist und in Seife, Shampoo usw. enthalten ist. Das VG von New Cigarette ist pharma grade und mindestens 99,8% rein.<br \/>\nSchlie\u00dflich sind 10 Prozent der Inhaltsstoffe von elektrischen Zigaretten Aromen. Diese e Zigarrenaromen sind lebensmittelechte Qualit\u00e4t, so dass sie auch von unseren Lebensmitteln hergestellt werden. e Fl\u00fcssigkeit Zutaten sind daher in der Regel 3 oder 4.<\/p>\n<h3>Zubereitung von e liquid<\/h3>\n<p>Es gibt immer wieder Fragen zu den Standardverfahren bei der Herstellung von E-Liquid und den fehlenden Vorschriften. Die beiden gr\u00f6\u00dften Hersteller der Fl\u00fcssigkeit sind China und Amerika. In China m\u00fcssen die Hersteller eine Erkl\u00e4rung \u00fcber die Ungiftigkeit und die Menge an reinem Nikotin in ihren E-Liquid-Chargen angeben, und es gibt keine Vorschriften f\u00fcr die Herstellung und den Vertrieb von Liquid. Es gab einige Bedenken hinsichtlich der in chinesischen E-Liquids verwendeten Inhaltsstoffe. Es gab jedoch nie schl\u00fcssige Beweise, die den chinesischen Fl\u00fcssigkeitsherstellern Probleme bereiten w\u00fcrden. Die meisten Unternehmen halten sich einfach an die internationale ISO-Norm. Gegenw\u00e4rtig verf\u00fcgen chinesische Unternehmen in der Regel \u00fcber eine Hightech-Anlage zur Herstellung von Fl\u00fcssigkeiten, viele sind sogar mit MSDS und T\u00dcV zertifiziert. In Amerika m\u00fcssen sich die Hersteller an die Vorschriften der FDA halten, die zur Zeit versch\u00e4rft werden, genau wie hier in Europa.<\/p>\n<p>New Cigarette elektrische Zigarette e-Fl\u00fcssigkeit besteht aus den folgenden Elementen.<\/p>\n<p>60% \u2013 95% \u2013 <strong><a href=\"https:\/\/nieuwesigaret.nl\/de\/shop\/pg-vg\/\">Propylenglykol und Glycerin<\/a><\/strong><br \/>\n0% \u2013 20% \u2013<strong>\u00a0\u00a0<a href=\"https:\/\/nieuwesigaret.nl\/de\/shop\/flussig-nikotinbasiert\/\">Nikotin<\/a><\/strong><br \/>\n5% \u2013 20% \u2013<strong><a href=\"https:\/\/nieuwesigaret.nl\/de\/shop\/flussigkeitsarome\/\">\u00a0 Aroma<\/a><\/strong><br \/>\nSie k\u00f6nnen sicher sein, dass New Cigarette e fl\u00fcssig ist, um die h\u00f6chsten Standards mit sehr hoher Qualit\u00e4t e fl\u00fcssigen Zutaten gemacht werden. Ihre totale Zufriedenheit ist unser Ziel. Bitte teilen Sie Ihre Meinung in den Kommentaren oder auf unserer <strong><a href=\"https:\/\/www.facebook.com\/nieuwesigaret\/\" target=\"_blank\" rel=\"noopener noreferrer\">Facebook-Seite<\/a><\/strong>.<\/p>\n<p>Wir haben auch eine interessante Blogseite zu diesem Thema, <a href=\"https:\/\/nieuwesigaret.nl\/de\/e-liquid-e-liquid-ist-die-flussigkeit-die-in-die-elektronische-zigarette-gefullt-wird-zum-dampfen-und-rauchen-es-ist-wichtig-wenn-du-e-liquid-kaufst-dass-es-zu-deinem-personlichen-v\/\">E fl\u00fcssig<\/a>.<\/p>","protected":false},"excerpt":{"rendered":"<p>E fl\u00fcssig ? Zutaten, was ist drin? Inhaltsstoffe von E-Liquid, was ist in unserem Dampfliquid enthalten? In unserer zunehmend gesundheitsbewussten Gesellschaft wollen immer mehr Menschen sichergehen, dass sie genau wissen, was durch den Konsum in ihren K\u00f6rper gelangt. Wenn neue Informationen \u00fcber das Zigarettenrauchen verf\u00fcgbar werden, ...<\/p>","protected":false},"author":1,"featured_media":0,"parent":0,"menu_order":0,"comment_status":"closed","ping_status":"closed","template":"","meta":{"_acf_changed":false,"_genesis_hide_title":false,"_genesis_hide_breadcrumbs":false,"_genesis_hide_singular_image":false,"_genesis_hide_footer_widgets":false,"_genesis_custom_body_class":"","_genesis_custom_post_class":"","_genesis_layout":"","footnotes":""},"class_list":{"1":"page","2":"type-page","5":"entry"},"acf":[],"_links":{"self":[{"href":"https:\/\/nieuwesigaret.nl\/de\/wp-json\/wp\/v2\/pages\/4808","targetHints":{"allow":["GET"]}}],"collection":[{"href":"https:\/\/nieuwesigaret.nl\/de\/wp-json\/wp\/v2\/pages"}],"about":[{"href":"https:\/\/nieuwesigaret.nl\/de\/wp-json\/wp\/v2\/types\/page"}],"author":[{"embeddable":true,"href":"https:\/\/nieuwesigaret.nl\/de\/wp-json\/wp\/v2\/users\/1"}],"replies":[{"embeddable":true,"href":"https:\/\/nieuwesigaret.nl\/de\/wp-json\/wp\/v2\/comments?post=4808"}],"version-history":[{"count":0,"href":"https:\/\/nieuwesigaret.nl\/de\/wp-json\/wp\/v2\/pages\/4808\/revisions"}],"wp:attachment":[{"href":"https:\/\/nieuwesigaret.nl\/de\/wp-json\/wp\/v2\/media?parent=4808"}],"curies":[{"name":"wp","href":"https:\/\/api.w.org\/{rel}","templated":true}]}}