{"id":4446,"date":"2015-12-14T11:38:37","date_gmt":"2015-12-14T11:38:37","guid":{"rendered":"https:\/\/nieuwesigaret.nl\/?page_id=4446"},"modified":"2018-11-20T11:55:06","modified_gmt":"2018-11-20T10:55:06","slug":"e-smoker-liquid","status":"publish","type":"page","link":"https:\/\/nieuwesigaret.nl\/de\/e-raucher-flussigkeit\/","title":{"rendered":"E-Raucher Fl\u00fcssigkeit"},"content":{"rendered":"<p>E-Raucher e Fl\u00fcssigkeit f\u00fcr Ihre e-Zigarette New Cigarette, Preis-Qualit\u00e4t 100% 10 ml \u20ac 2,59 E-Raucher Fl\u00fcssigkeit kaufen das beste Preis-Qualit\u00e4ts-Verh\u00e4ltnis. 10 ml f\u00fcr \u20ac 2,59, aber was bekommt man daf\u00fcr? Propylenglykol Deutsche Qualit\u00e4t<\/p>\n<p>&nbsp;<\/p>","protected":false},"excerpt":{"rendered":"<p>E-Raucher e Fl\u00fcssigkeit f\u00fcr Ihre e-Zigarette New Cigarette, Preis-Qualit\u00e4t 100% 10 ml \u20ac 2,59 E-Raucher Fl\u00fcssigkeit kaufen das beste Preis-Qualit\u00e4ts-Verh\u00e4ltnis. 10 ml f\u00fcr \u20ac 2,59, aber was bekommt man daf\u00fcr? Propylenglykol Deutsche Qualit\u00e4t &nbsp;<\/p>","protected":false},"author":1,"featured_media":0,"parent":0,"menu_order":0,"comment_status":"closed","ping_status":"closed","template":"","meta":{"_acf_changed":false,"_genesis_hide_title":false,"_genesis_hide_breadcrumbs":false,"_genesis_hide_singular_image":false,"_genesis_hide_footer_widgets":false,"_genesis_custom_body_class":"","_genesis_custom_post_class":"","_genesis_layout":"","footnotes":""},"class_list":{"1":"page","2":"type-page","5":"entry"},"acf":[],"_links":{"self":[{"href":"https:\/\/nieuwesigaret.nl\/de\/wp-json\/wp\/v2\/pages\/4446","targetHints":{"allow":["GET"]}}],"collection":[{"href":"https:\/\/nieuwesigaret.nl\/de\/wp-json\/wp\/v2\/pages"}],"about":[{"href":"https:\/\/nieuwesigaret.nl\/de\/wp-json\/wp\/v2\/types\/page"}],"author":[{"embeddable":true,"href":"https:\/\/nieuwesigaret.nl\/de\/wp-json\/wp\/v2\/users\/1"}],"replies":[{"embeddable":true,"href":"https:\/\/nieuwesigaret.nl\/de\/wp-json\/wp\/v2\/comments?post=4446"}],"version-history":[{"count":0,"href":"https:\/\/nieuwesigaret.nl\/de\/wp-json\/wp\/v2\/pages\/4446\/revisions"}],"wp:attachment":[{"href":"https:\/\/nieuwesigaret.nl\/de\/wp-json\/wp\/v2\/media?parent=4446"}],"curies":[{"name":"wp","href":"https:\/\/api.w.org\/{rel}","templated":true}]}}