{"id":4148,"date":"2015-10-25T10:28:00","date_gmt":"2015-10-25T10:28:00","guid":{"rendered":"https:\/\/nieuwesigaret.nl\/?page_id=4148"},"modified":"2019-03-07T10:05:10","modified_gmt":"2019-03-07T09:05:10","slug":"download","status":"publish","type":"page","link":"https:\/\/nieuwesigaret.nl\/de\/herunterladen\/","title":{"rendered":"Download E-Liquid-Rezept-Rechner"},"content":{"rendered":"<p><img loading=\"lazy\" decoding=\"async\" class=\"alignleft wp-image-4130\" src=\"https:\/\/nieuwesigaret.nl\/wp-content\/uploads\/2015\/10\/unnamed.png\" alt=\"rechner app playstore\" width=\"99\" height=\"198\" \/><img loading=\"lazy\" decoding=\"async\" class=\"alignnone size-full wp-image-4170\" src=\"https:\/\/nieuwesigaret.nl\/wp-content\/uploads\/2015\/10\/Unknown.png\" alt=\"app store e liquid rechner\" width=\"255\" height=\"198\" \/><\/p>\n<p>Jetzt k\u00f6nnen Sie den Liquid-Rechner kostenlos auf Ihr Android- oder Apple-Handy herunterladen. Sehr einfach zu bedienen, geben Sie die Werte, Ihre Basis Nikotin zum Beispiel 100, wenn Ihre Basis ist 100 mg, Ihre gew\u00fcnschte Nikotingehalt des Endprodukts und dann die Menge, die Sie machen wollen, zum Beispiel 10 ml, dann Ihre m\u00f6glicherweise \"fremde\" Substanz wie Wasser oder Wodka hier k\u00f6nnen Sie auch einfach Null und schlie\u00dflich den Prozentsatz der Aromen, die Sie hinzuf\u00fcgen m\u00f6chten, in der Regel 5-10% f\u00fcr Tabak-Aromen und 10-20% f\u00fcr die anderen Aromen.<\/p>\n<p><strong><a href=\"https:\/\/play.google.com\/store\/apps\/details?id=nl.nieuwesigaret.app\" target=\"_blank\" rel=\"noopener noreferrer\">Download E Fl\u00fcssigkeit Rezept-Rechner Google Play store<\/a><\/strong><i class=\"fa fa-google fa-spin fa-2x\" style=\"color: red;\"><\/i><br \/>\n<strong><a href=\"https:\/\/itunes.apple.com\/nl\/app\/e-liquid-recipe-calculator\/id1052698556?mt=8\" target=\"_blank\" rel=\"noopener noreferrer\">E-Liquid-Rezept-Rechner App Store herunterladen<\/a><\/strong><i class=\"fa fa-apple fa-spin fa-2x\" style=\"color: green;\"><\/i><\/p>\n<p><strong><span style=\"color: #ff0000;\">Leider hat Apple pl\u00f6tzlich entschieden, dass die App nicht mit ihren Richtlinien \u00fcbereinstimmt, die sich auf Tabak und Drogen beziehen.\u00a0<\/span><\/strong><\/p>\n<p>Im Google Playstore gibt es keine Probleme, dort kann man den Taschenrechner weiterhin herunterladen.<\/p>","protected":false},"excerpt":{"rendered":"<p>Jetzt k\u00f6nnen Sie den Liquid-Rechner kostenlos auf Ihr Android- oder Apple-Handy herunterladen. Sehr einfach zu bedienen, f\u00fcllen Sie einfach die Werte, Ihre Basis Nikotin zum Beispiel 100, wenn Ihre Basis ist 100 mg, Ihre gew\u00fcnschte Nikotingehalt des fertigen Produkts und dann die Menge, die Sie machen wollen, zum Beispiel 10 ml, dann Ihre m\u00f6glichen \"ungerade\" ...<\/p>","protected":false},"author":1,"featured_media":0,"parent":0,"menu_order":0,"comment_status":"closed","ping_status":"closed","template":"","meta":{"_acf_changed":false,"_genesis_hide_title":false,"_genesis_hide_breadcrumbs":false,"_genesis_hide_singular_image":false,"_genesis_hide_footer_widgets":false,"_genesis_custom_body_class":"","_genesis_custom_post_class":"","_genesis_layout":"","footnotes":""},"class_list":{"1":"page","2":"type-page","5":"entry"},"acf":[],"_links":{"self":[{"href":"https:\/\/nieuwesigaret.nl\/de\/wp-json\/wp\/v2\/pages\/4148","targetHints":{"allow":["GET"]}}],"collection":[{"href":"https:\/\/nieuwesigaret.nl\/de\/wp-json\/wp\/v2\/pages"}],"about":[{"href":"https:\/\/nieuwesigaret.nl\/de\/wp-json\/wp\/v2\/types\/page"}],"author":[{"embeddable":true,"href":"https:\/\/nieuwesigaret.nl\/de\/wp-json\/wp\/v2\/users\/1"}],"replies":[{"embeddable":true,"href":"https:\/\/nieuwesigaret.nl\/de\/wp-json\/wp\/v2\/comments?post=4148"}],"version-history":[{"count":0,"href":"https:\/\/nieuwesigaret.nl\/de\/wp-json\/wp\/v2\/pages\/4148\/revisions"}],"wp:attachment":[{"href":"https:\/\/nieuwesigaret.nl\/de\/wp-json\/wp\/v2\/media?parent=4148"}],"curies":[{"name":"wp","href":"https:\/\/api.w.org\/{rel}","templated":true}]}}