{"id":3633,"date":"2015-08-31T09:37:45","date_gmt":"2015-08-31T09:37:45","guid":{"rendered":"https:\/\/nieuwesigaret.nl\/?page_id=3633"},"modified":"2026-01-26T13:41:49","modified_gmt":"2026-01-26T12:41:49","slug":"betalen-2","status":"publish","type":"page","link":"https:\/\/nieuwesigaret.nl\/de\/lohn-2\/","title":{"rendered":"Bezahlen"},"content":{"rendered":"<p>Zahlungsm\u00f6glichkeiten<\/p>\n<p>Akzeptierte Zahlungsarten:<\/p>\n<p>iDEAL, Mister Cash, Sofort Banking, Visa, Mastercard und Bank\u00fcberweisung.<\/p>\n<p>Diese Online-Zahlungen werden direkt \u00fcber einen sicheren Server abgewickelt.<\/p>\n<p>F\u00fcr \u00dcberweisungen direkt auf unser Konto:<\/p>\n<p>ING-Konto: IBAN NL 71 INGB 00061505 79<br \/>\nEigent\u00fcmerin: Skindeep BV<\/p>\n<p>Duke Henry Avenue 7a<\/p>\n<p>3743DL Baarn<br \/>\nMAUERSEGLER: INGBNL2A<\/p>\n<p>Bitte beachten Sie, dass es einen oder mehrere Tage dauern kann, bis wir die Zahlung erhalten. Bei \u00dcberweisungen aus dem Ausland kann es vorkommen, dass die Bank Geb\u00fchren erhebt.<\/p>\n<p>Vergessen Sie nicht, bei der \u00dcberweisung Ihren Namen und Ihre Bestellnummer anzugeben.<\/p>\n<p>&nbsp;<\/p>","protected":false},"excerpt":{"rendered":"<p>Zahlungsm\u00f6glichkeiten Akzeptierte Zahlungsm\u00f6glichkeiten: iDEAL, Mister Cash, Sofort Banking, Visa, Mastercard und Bank\u00fcberweisung. Diese Online-Zahlungen werden direkt \u00fcber einen sicheren Server abgewickelt. F\u00fcr \u00dcberweisungen direkt auf unser Konto: ING-Konto: IBAN NL 71 INGB 00061505 79 Inhaber: Skindeep BV Hertog Hendriklaan 7a 3743DL Baarn SWIFT: INGBNL2A Bitte beachten Sie, dass es sich um ein ...<\/p>","protected":false},"author":1,"featured_media":0,"parent":0,"menu_order":0,"comment_status":"closed","ping_status":"closed","template":"","meta":{"_acf_changed":false,"_genesis_hide_title":false,"_genesis_hide_breadcrumbs":false,"_genesis_hide_singular_image":false,"_genesis_hide_footer_widgets":false,"_genesis_custom_body_class":"","_genesis_custom_post_class":"","_genesis_layout":"","footnotes":""},"class_list":{"1":"page","2":"type-page","5":"entry"},"acf":[],"_links":{"self":[{"href":"https:\/\/nieuwesigaret.nl\/de\/wp-json\/wp\/v2\/pages\/3633","targetHints":{"allow":["GET"]}}],"collection":[{"href":"https:\/\/nieuwesigaret.nl\/de\/wp-json\/wp\/v2\/pages"}],"about":[{"href":"https:\/\/nieuwesigaret.nl\/de\/wp-json\/wp\/v2\/types\/page"}],"author":[{"embeddable":true,"href":"https:\/\/nieuwesigaret.nl\/de\/wp-json\/wp\/v2\/users\/1"}],"replies":[{"embeddable":true,"href":"https:\/\/nieuwesigaret.nl\/de\/wp-json\/wp\/v2\/comments?post=3633"}],"version-history":[{"count":4,"href":"https:\/\/nieuwesigaret.nl\/de\/wp-json\/wp\/v2\/pages\/3633\/revisions"}],"predecessor-version":[{"id":55204,"href":"https:\/\/nieuwesigaret.nl\/de\/wp-json\/wp\/v2\/pages\/3633\/revisions\/55204"}],"wp:attachment":[{"href":"https:\/\/nieuwesigaret.nl\/de\/wp-json\/wp\/v2\/media?parent=3633"}],"curies":[{"name":"wp","href":"https:\/\/api.w.org\/{rel}","templated":true}]}}