{"id":3602,"date":"2015-08-25T07:01:20","date_gmt":"2015-08-25T07:01:20","guid":{"rendered":"https:\/\/nieuwesigaret.nl\/?page_id=3602"},"modified":"2015-12-08T11:49:37","modified_gmt":"2015-12-08T11:49:37","slug":"e-cigarettes-95-less-harmful","status":"publish","type":"page","link":"https:\/\/nieuwesigaret.nl\/de\/e-zigaretten-95-geringer-schadlich\/","title":{"rendered":"E-Zigaretten '95% weniger sch\u00e4dlich"},"content":{"rendered":"<h1>E-Rauchen 95% laut einem Bericht des britischen NHS weniger sch\u00e4dlich<\/h1>\n<p>Mittwoch 19. August 2015<br \/>\nE-Zigaretten sind jetzt die beliebteste Entw\u00f6hnungshilfe in England<br \/>\nDampfen ist viel sicherer als Rauchen<br \/>\n\"E-Zigaretten sind 95% weniger sch\u00e4dlich als Tabak und k\u00f6nnten in Zukunft vom NHS verschrieben werden, um Rauchern den Ausstieg zu erleichtern\", berichtet BBC News.<br \/>\nDies ist das wichtigste Ergebnis einer Untersuchung (PDF, 485kb), die von Public Health England durchgef\u00fchrt wurde, einer Regierungsbeh\u00f6rde, deren Ziel es ist, die Gesundheit und das Wohlbefinden der Bev\u00f6lkerung zu sch\u00fctzen und zu verbessern und gesundheitliche Ungleichheiten zu verringern.<br \/>\nWas sind E-Zigaretten?<\/p>\n<p>Die meisten E-Zigaretten enthalten eine Batterie, einen Zerst\u00e4uber und eine austauschbare Kartusche. Die Patrone enth\u00e4lt Nikotin in einer L\u00f6sung aus Propylenglykol oder Glyzerin und Wasser und manchmal auch Aromastoffe.<br \/>\nWenn Sie an dem Ger\u00e4t saugen, erkennt ein Sensor den Luftstrom und startet einen Prozess, um die Fl\u00fcssigkeit in der Kartusche zu erhitzen, so dass sie verdampft und Wasserdampf bildet. Das Inhalieren dieses Dampfes liefert einen Nikotinsto\u00df direkt in die Lunge.<br \/>\nIm Gegensatz zu \"herk\u00f6mmlichen\" Zigaretten enthalten sie nicht die vielen gef\u00e4hrlichen Chemikalien, die das Risiko von Lungenkrebs, Herzkrankheiten und Schlaganf\u00e4llen erh\u00f6hen k\u00f6nnen.<br \/>\nWas sind die wichtigsten Ergebnisse der \u00dcberpr\u00fcfung?<\/p>\n<p>Der zunehmende Gebrauch von E-Zigaretten geht mit einem entsprechenden R\u00fcckgang des Rauchens einher.<br \/>\nE-Zigaretten sind inzwischen die beliebteste Entw\u00f6hnungshilfe in England.<br \/>\nEs gibt gute Belege daf\u00fcr, dass E-Zigaretten eine wirksame Hilfe bei der Raucherentw\u00f6hnung sein k\u00f6nnen.<br \/>\nZwar liegen keine Daten \u00fcber ihre langfristige Sicherheit vor, doch sind E-Zigaretten nach Expertenmeinung etwa 95% sicherer als Rauchen.<br \/>\nBei bestimmungsgem\u00e4\u00dfem Gebrauch stellen E-Zigaretten kein Risiko einer Nikotinvergiftung dar.<br \/>\nE-Zigaretten geben vernachl\u00e4ssigbare Mengen an Nikotin an die Umwelt ab, und es wurden keine Gesundheitsrisiken f\u00fcr Umstehende (z. B. Passivrauchen) festgestellt.<br \/>\nWelche Vorschl\u00e4ge werden in der \u00dcberpr\u00fcfung gemacht?<\/p>\n<p>E-Zigaretten sollten nicht so behandelt werden wie normale Zigaretten, und ihr Gebrauch sollte in Gef\u00e4ngnissen und Krankenh\u00e4usern nicht verboten werden.<br \/>\nE-Zigaretten bieten das Potenzial einer kosteng\u00fcnstigen, wirksamen Ma\u00dfnahme, die den 8 Millionen Rauchern in England helfen k\u00f6nnte, mit dem Rauchen endg\u00fcltig aufzuh\u00f6ren.<br \/>\nRaucherentw\u00f6hnungsdienste sollten aktiv auf Raucher zugehen, die E-Zigaretten zur Raucherentw\u00f6hnung verwenden wollen.<br \/>\nSobald E-Zigaretten als medizinische Produkte reguliert sind - was f\u00fcr 2016 erwartet wird - k\u00f6nnten E-Zigaretten auf Rezept vom NHS zur Verf\u00fcgung gestellt werden.<\/p>\n<p><strong><a href=\"http:\/\/www.nhs.uk\/news\/2015\/08August\/Pages\/E-cigarettes-95-per-cent-less-harmful-than-smoking-says-report.aspx\" target=\"_blank\">Weitere Informationen finden Sie auf der NHS-Website.<\/a><\/strong><\/p>","protected":false},"excerpt":{"rendered":"<p>E-Rauchen 95% weniger sch\u00e4dlich laut britischem NHS-Bericht Mittwoch 19. August 2015 E-Zigaretten sind jetzt die beliebteste Entw\u00f6hnungshilfe in England Vaping ist viel sicherer als Rauchen \"E-Zigaretten sind 95% weniger sch\u00e4dlich als Tabak und k\u00f6nnten in Zukunft vom NHS verschrieben werden, um Rauchern beim Aufh\u00f6ren zu helfen\", berichtet BBC News. ...<\/p>","protected":false},"author":1,"featured_media":0,"parent":0,"menu_order":0,"comment_status":"closed","ping_status":"closed","template":"","meta":{"_acf_changed":false,"_genesis_hide_title":false,"_genesis_hide_breadcrumbs":false,"_genesis_hide_singular_image":false,"_genesis_hide_footer_widgets":false,"_genesis_custom_body_class":"","_genesis_custom_post_class":"","_genesis_layout":"","footnotes":""},"class_list":{"1":"page","2":"type-page","5":"entry"},"acf":[],"_links":{"self":[{"href":"https:\/\/nieuwesigaret.nl\/de\/wp-json\/wp\/v2\/pages\/3602","targetHints":{"allow":["GET"]}}],"collection":[{"href":"https:\/\/nieuwesigaret.nl\/de\/wp-json\/wp\/v2\/pages"}],"about":[{"href":"https:\/\/nieuwesigaret.nl\/de\/wp-json\/wp\/v2\/types\/page"}],"author":[{"embeddable":true,"href":"https:\/\/nieuwesigaret.nl\/de\/wp-json\/wp\/v2\/users\/1"}],"replies":[{"embeddable":true,"href":"https:\/\/nieuwesigaret.nl\/de\/wp-json\/wp\/v2\/comments?post=3602"}],"version-history":[{"count":0,"href":"https:\/\/nieuwesigaret.nl\/de\/wp-json\/wp\/v2\/pages\/3602\/revisions"}],"wp:attachment":[{"href":"https:\/\/nieuwesigaret.nl\/de\/wp-json\/wp\/v2\/media?parent=3602"}],"curies":[{"name":"wp","href":"https:\/\/api.w.org\/{rel}","templated":true}]}}