{"id":354,"date":"2015-01-12T08:11:50","date_gmt":"2015-01-12T08:11:50","guid":{"rendered":"https:\/\/nieuwesigaret.nl\/?page_id=354"},"modified":"2018-01-18T11:22:40","modified_gmt":"2018-01-18T10:22:40","slug":"privacy","status":"publish","type":"page","link":"https:\/\/nieuwesigaret.nl\/de\/datenschutz\/","title":{"rendered":"Datenschutz"},"content":{"rendered":"<p>&nbsp;<\/p>\n<p>&nbsp;<\/p>\n<p>Datenschutz und Haftungsausschluss<\/p>\n<p>Diese Website verwendet das CMS WordPress und das Shopsystem Woocommerce.<\/p>\n<p>Die Website nieuwesigaret.nl nimmt Ihre Privatsph\u00e4re ernst. Bitte lesen Sie das Folgende, um mehr \u00fcber unsere Datenschutzpolitik zu erfahren.<\/p>\n<p>Die Website nieuwesigaret.nl verpflichtet sich zum Schutz Ihrer pers\u00f6nlichen Daten. Durch die Nutzung der Website nieuwesigaret.nl erkl\u00e4ren Sie sich mit dieser Datenschutzerkl\u00e4rung einverstanden, die von Zeit zu Zeit ohne vorherige Ank\u00fcndigung erg\u00e4nzt oder ge\u00e4ndert werden kann.<\/p>\n<p>Verkehrsdaten (Automatisch generierte Informationen)<\/p>\n<p>Die Verkehrsdaten werden erzeugt, wenn Ihr Computer eine Verbindung zur Website nieuwesigaret.nl herstellt, und reichen nicht aus, um Sie zu identifizieren. Wir k\u00f6nnen die folgenden Informationen sammeln: den Ursprung der Verbindung, die IP-Adresse, den Typ und die Version Ihres Internetbrowsers, die Dauer der Verbindung usw. Diese Daten k\u00f6nnen zu statistischen Zwecken verwendet werden, um den Verkehr auf der Website nieuwesigaret.nl zu analysieren (am meisten und am wenigsten besuchte Seiten, Aktivit\u00e4t pro Tag und Stunde usw.). Die Verkehrsdaten werden stets anonym verarbeitet.<\/p>\n<div class=\"page\" title=\"Seite 3\">\n<div class=\"section\">\n<div class=\"layoutArea\">\n<div class=\"column\">\n<p>Um die Nutzung unserer Website zu analysieren, verwenden wir das von Google bereitgestellte Webanalysetool \"Google analytics\". Die Cookies von Google Analytics erm\u00f6glichen es uns unter anderem zu sehen, wie oft unsere Website besucht wird und welche Seiten unserer Website am h\u00e4ufigsten aufgerufen werden. Die gesammelten Informationen werden in Statistiken verarbeitet und von uns zur Optimierung unserer Website verwendet. Die gesammelten Informationen werden von uns nicht dazu verwendet, Sie als Person zu identifizieren.<\/p>\n<p>Ausf\u00fchrliche Informationen \u00fcber die Funktionsweise und die Datenverarbeitung durch uns finden Sie in der Erkl\u00e4rung unter <a href=\"https:\/\/www.google.nl\/intl\/nl\/policies\/privacy\/\">Google-Analysen<\/a>\u00a0Datenschutzbestimmungen<\/p>\n<\/div>\n<\/div>\n<\/div>\n<\/div>\n<div class=\"page\" title=\"Seite 5\">\n<div class=\"section\">\n<div class=\"layoutArea\">\n<div class=\"column\">\n<p>Die durch den Cookie erzeugten Informationen \u00fcber Ihre Benutzung dieser Website werden in der Regel an einen Server von Google in den USA \u00fcbertragen und dort gespeichert. Sofern auf dieser Website die IP-Anonymisierung aktiviert ist, wird Ihre IP-Adresse von Google innerhalb von Mitgliedstaaten der Europ\u00e4ischen Union oder in anderen Vertragsstaaten des Abkommens \u00fcber den Europ\u00e4ischen Wirtschaftsraum zuvor gek\u00fcrzt.<\/p>\n<div class=\"page\" title=\"Seite 6\">\n<div class=\"section\">\n<div class=\"layoutArea\">\n<div class=\"column\">\n<p>Nur in Ausnahmef\u00e4llen wird die volle IP-Adresse an einen Server von Google in den USA \u00fcbertragen und dort gek\u00fcrzt. Im Auftrag des Betreibers dieser Website wird Google diese Informationen verarbeiten, um Ihre Nutzung der Website auszuwerten, um Reports \u00fcber die Websiteaktivit\u00e4ten f\u00fcr die Websitebetreiber zusammenzustellen und um weitere mit der Websitenutzung und der Internetnutzung verbundene Dienstleistungen zu erbringen. Die im Zusammenhang mit Google Analytics von Ihrem Browser \u00fcbermittelte IP-Adresse wird nicht mit anderen Daten von Google zusammengef\u00fchrt.<\/p>\n<p>Sie k\u00f6nnen die Speicherung von Cookies verhindern, indem Sie die entsprechende Einstellung in Ihrem Browser vornehmen. Bitte beachten Sie, dass Sie in diesem Fall m\u00f6glicherweise nicht alle Funktionen dieser Website in vollem Umfang nutzen k\u00f6nnen. Sie k\u00f6nnen dar\u00fcber hinaus die Erfassung der durch das Cookie erzeugten und auf Ihre Nutzung der Website bezogenen Daten (inkl. Ihrer IP-Adresse) an Google sowie die Verarbeitung dieser Daten durch Google verhindern, indem sie das unter dem folgenden Link verf\u00fcgbare Browser-Plugin herunterladen und installieren:<\/p>\n<\/div>\n<\/div>\n<\/div>\n<\/div>\n<p>Cookies<\/p>\n<\/div>\n<\/div>\n<\/div>\n<\/div>\n<p>Cookies sind kleine Informationseinheiten, die unser Server an Ihren Browser sendet, um diese Informationen bei Ihrem n\u00e4chsten Besuch an unseren Server zur\u00fcckzusenden. Diese kleinen Textdateien werden auf der Festplatte oder im Speicher Ihres Computers gespeichert.<\/p>\n<p>In den Cookies werden Informationen gespeichert (z.B. die Einstellungen Ihres PCs und die von Ihnen angegebenen Pr\u00e4ferenzen), die die sp\u00e4tere Nutzung von schulden.tk erleichtern. Abgesehen von Ihrer IP-Adresse enthalten diese Informationen keine Namens- oder Adressangaben oder andere pers\u00f6nliche Informationen. Sie k\u00f6nnen Ihren Browser so einstellen, dass Sie bei Ihrer n\u00e4chsten Nutzung der Website nieuwesigaret.nl keine Cookies erhalten. In diesem Fall kann es jedoch vorkommen, dass Sie nicht alle M\u00f6glichkeiten der Website nieuwesigaret.nl nutzen k\u00f6nnen oder dass Sie keinen Zugang (zu Teilen) der Website nieuwesigaret.nl haben.<\/p>\n<p>Pers\u00f6nliche Daten<\/p>\n<p>F\u00fcr die Nutzung der Website nieuwesigaret.nl ist es nicht erforderlich, dass Sie uns pers\u00f6nlich identifizierbare Daten mitteilen. Wenn wir personenbezogene Daten erhalten, sammeln und\/oder verarbeiten, werden wir sie auf faire und rechtm\u00e4\u00dfige Weise verwenden. Wir werden Ihre pers\u00f6nlichen Daten niemals an Dritte weitergeben.<\/p>\n<div class=\"page\" title=\"Seite 5\">\n<div class=\"section\">\n<div class=\"layoutArea\">\n<div class=\"column\">\n<p>Die Daten, die Sie bei Ihrer Bestellung eingeben, werden von uns zur Bearbeitung der Bestellung verwendet. Ihre Daten k\u00f6nnen an Dritte (z.B. Lieferfirmen) weitergegeben werden, die an der Auftragsabwicklung beteiligt sind.<\/p>\n<\/div>\n<\/div>\n<\/div>\n<\/div>\n<p>Links zu anderen Seiten &amp; Werbung<\/p>\n<p>nieuwesigaret.nl verwendet auf seiner Website Werbung von Dritten, um unsere Website zu unterst\u00fctzen. Einige dieser Werbetreibenden k\u00f6nnen Webtechnologien wie Cookies und Webbeacons auf unserer Website verwenden.<\/p>\n<p>website.newesigaret enth\u00e4lt Links, die Sie zu newesigaret.nl und zu den Websites anderer Parteien f\u00fchren. Website truffle-winkel.nl hat keine Kontrolle \u00fcber die Websites von Dritten, mit denen verlinkt ist. Es kann daher sein, dass f\u00fcr die Nutzung dieser Websites Dritter eine andere Datenschutzrichtlinie gilt. Wir \u00fcbernehmen keine Verantwortung oder Haftung f\u00fcr (den Betrieb und\/oder den Inhalt von) Websites von Dritten. Wir empfehlen Ihnen, die Datenschutzrichtlinien und\/oder -erkl\u00e4rungen der anderen Websites, die Sie besuchen, zu lesen.<\/p>\n<p>Die Website nieuwesigaret.nl ist darauf bedacht, ihren Besuchern genaue und aktuelle Informationen zur Verf\u00fcgung zu stellen. Wir sind nicht verantwortlich f\u00fcr Informationen, Daten und Programme, die Sie von Dritten \u00fcber unsere Website erhalten. Die Informationen, die Sie von Dritten erhalten, geben nicht immer unsere Meinung wieder.<\/p>\n<p>Wir haften nicht f\u00fcr direkte oder indirekte Sch\u00e4den, die sich aus der Nutzung der hier bereitgestellten Informationen ergeben k\u00f6nnen. Aus dem Inhalt dieser Website k\u00f6nnen keine Rechte oder Anspr\u00fcche abgeleitet werden.<\/p>\n<p>Informationen auf der Website nieuwesigaret.nl Wir k\u00f6nnen nicht garantieren, dass die Informationen auf unserer Website fehlerfrei, vollst\u00e4ndig und\/oder aktuell sind. Daher k\u00f6nnen Sie aus den Informationen auf dieser Website keinerlei Rechte ableiten. Wir haften auch nicht f\u00fcr Sch\u00e4den, die durch ungenaue und\/oder veraltete Informationen entstehen. Sollten Sie auf Informationen, Daten und\/oder Programme sto\u00dfen, an denen Sie das Urheberrecht besitzen, melden Sie dies bitte dem Webmaster.<\/p>\n<p>Sollten Sie auf Informationen sto\u00dfen, die Ihrer Meinung nach nicht korrekt, vollst\u00e4ndig oder aktuell sind, wenden Sie sich bitte an den Webmaster.<\/p>\n<div class=\"page\" title=\"Seite 4\">\n<div class=\"section\">\n<div class=\"layoutArea\">\n<div class=\"column\">\n<p><strong>Wenn Sie sich f\u00fcr unseren Newsletter anmelden, verwenden wir die von Ihnen angegebenen Daten, um Ihnen den Newsletter zuzusenden. Sie k\u00f6nnen den Newsletter jederzeit nach der Anmeldung durch eine E-Mail an info@nieuwesigaret.nl oder \u00fcber einen Link im Newsletter abbestellen.\"<\/strong><\/p>\n<\/div>\n<div class=\"page\" title=\"Seite 5\">\n<div class=\"section\">\n<div class=\"layoutArea\">\n<div class=\"column\">\n<p>Diese Website benutzt Google Analytics, einen Webanalysedienst der Google Inc. (\"Google\"). Google Analytics verwendet Cookies, die eine Analyse der Benutzung der Website durch Sie erm\u00f6glichen.<\/p>\n<p>Die durch den Cookie erzeugten Informationen \u00fcber Ihre Benutzung dieser Website werden in der Regel an einen Server von Google in den USA \u00fcbertragen und dort gespeichert. Sofern die IP-Anonymisierung auf dieser Website aktiviert ist, wird Ihre IP-Adresse von Google innerhalb kurzer Zeit gespeichert.<\/p>\n<\/div>\n<div class=\"page\" title=\"Seite 7\">\n<div class=\"section\">\n<div class=\"layoutArea\">\n<div class=\"column\">\n<p>Truffle New Cigarette, TJ Papen ist die verantwortliche Partei im Sinne des Gesetzes \u00fcber den Schutz personenbezogener Daten (Wbp).<\/p>\n<p>\"Wenn Sie die pers\u00f6nlichen Daten, die Truffle \u00fcber Sie gespeichert hat, einsehen wollen oder wenn Sie Daten \u00e4ndern wollen, weil sie falsch oder unvollst\u00e4ndig sind, oder wenn Sie sie l\u00f6schen oder sch\u00fctzen lassen wollen, wenden Sie sich bitte per E-Mail an TJ Papen.<\/p>\n<p>\u00dcber info@nieuwesigaret.nl. TJ Papen wird Sie innerhalb von vier Wochen informieren<\/p>\n<p>welche personenbezogenen Daten sie \u00fcber Sie verarbeitet und ob sie einem Antrag auf L\u00f6schung, Sperrung oder Berichtigung nachkommen wird oder kann.<\/p>\n<\/div>\n<\/div>\n<\/div>\n<\/div>\n<\/div>\n<\/div>\n<\/div>\n<\/div>\n<\/div>\n<\/div>","protected":false},"excerpt":{"rendered":"<p>&nbsp; &nbsp; Datenschutz und Disclaimer Diese Website verwendet das CMS WordPress und das Shopsystem Woocommerce. Die Website nieuwesigaret.nl nimmt Ihre Privatsph\u00e4re ernst. Bitte lesen Sie das Folgende, um mehr \u00fcber unsere Datenschutzpolitik zu erfahren. Die Website nieuwesigaret.nl ist dem Schutz Ihrer pers\u00f6nlichen Daten verpflichtet. Indem Sie die Website nieuwesigaret.nl nutzen, erkl\u00e4ren Sie sich mit dieser ...<\/p>","protected":false},"author":1,"featured_media":0,"parent":0,"menu_order":0,"comment_status":"closed","ping_status":"closed","template":"","meta":{"_acf_changed":false,"_genesis_hide_title":false,"_genesis_hide_breadcrumbs":false,"_genesis_hide_singular_image":false,"_genesis_hide_footer_widgets":false,"_genesis_custom_body_class":"","_genesis_custom_post_class":"","_genesis_layout":"","footnotes":""},"class_list":{"1":"page","2":"type-page","5":"entry"},"acf":[],"_links":{"self":[{"href":"https:\/\/nieuwesigaret.nl\/de\/wp-json\/wp\/v2\/pages\/354","targetHints":{"allow":["GET"]}}],"collection":[{"href":"https:\/\/nieuwesigaret.nl\/de\/wp-json\/wp\/v2\/pages"}],"about":[{"href":"https:\/\/nieuwesigaret.nl\/de\/wp-json\/wp\/v2\/types\/page"}],"author":[{"embeddable":true,"href":"https:\/\/nieuwesigaret.nl\/de\/wp-json\/wp\/v2\/users\/1"}],"replies":[{"embeddable":true,"href":"https:\/\/nieuwesigaret.nl\/de\/wp-json\/wp\/v2\/comments?post=354"}],"version-history":[{"count":0,"href":"https:\/\/nieuwesigaret.nl\/de\/wp-json\/wp\/v2\/pages\/354\/revisions"}],"wp:attachment":[{"href":"https:\/\/nieuwesigaret.nl\/de\/wp-json\/wp\/v2\/media?parent=354"}],"curies":[{"name":"wp","href":"https:\/\/api.w.org\/{rel}","templated":true}]}}