{"id":343,"date":"2015-01-12T08:01:49","date_gmt":"2015-01-12T08:01:49","guid":{"rendered":"https:\/\/nieuwesigaret.nl\/?page_id=343"},"modified":"2024-03-01T14:54:23","modified_gmt":"2024-03-01T13:54:23","slug":"verzenden","status":"publish","type":"page","link":"https:\/\/nieuwesigaret.nl\/de\/senden-sie\/","title":{"rendered":"Versand"},"content":{"rendered":"<p>Wir versenden so schnell wie m\u00f6glich. Wenn Sie etwas kaufen, das schnell bei Ihnen zu Hause sein soll, wird die Bestellung in der Regel am Tag nach Ihrer Bestellung versandt. In den Niederlanden und Belgien versenden wir unsere Pakete mit UPS oder DHL. Ich m\u00f6chte betonen, dass wir kein Bol.com oder ein \u00e4hnliches Unternehmen sind, ich hoffe, Sie wissen, was ich meine. Wir bieten keine Lieferung am selben Tag an. Sie erhalten eine Sendungsverfolgung f\u00fcr Ihre Bestellung, die Sie normalerweise am fr\u00fchen Abend per E-Mail erhalten.  Normalerweise haben Sie Ihre Bestellung am n\u00e4chsten Tag. Wenn Sie aus Belgien bestellen, kann es ein oder zwei Tage l\u00e4nger dauern.<\/p>\n<p>Die Wahl einer Zustellungsstelle als Lieferadresse ist eigentlich die beste Option, da Sie nicht zu Hause bleiben m\u00fcssen und der Zusteller diese Adressen nat\u00fcrlich gut kennt, so dass Fehler auf ein Minimum reduziert werden.<\/p>\n<p><strong>Bitte beachten Sie, dass die Adresse 100% korrekt sein muss, denn bei der geringsten Abweichung wird das Paket an den Absender zur\u00fcckgeschickt; wir k\u00f6nnen es nicht mehr korrigieren, wenn es nicht in unseren H\u00e4nden ist.<\/strong><\/p>\n<p>Auf der Bestellseite k\u00f6nnen Sie auch UPS als Transporteur w\u00e4hlen, UPS ist ein Premium-Transporteur, teurer aber auch besser.<\/p>\n<p>In der Regel werden mindestens zwei Zustellversuche unternommen, oft sogar drei. Bitte stellen Sie sicher, dass Ihr Paket zugestellt werden kann. Es kommt zu oft vor, dass das Paket nach mehreren Zustellversuchen zur\u00fcckgeschickt wird. Wir sind dann nicht immer in der Lage, das Paket erneut kostenlos zu versenden. Verfolgen Sie Ihr Paket und vermeiden Sie Entt\u00e4uschungen.<\/p>\n<p>Viele Kunden geben uns Lieferanweisungen, wie z.B. \"Sie k\u00f6nnen es hinter dem Haus abstellen\", Anweisungen, die keinen Sinn machen, da wir die Pakete nicht selbst ausliefern und der Spediteur Sonderw\u00fcnsche nicht erf\u00fcllen kann.<\/p>\n<p>Pr\u00fcfen Sie die <a href=\"https:\/\/nieuwesigaret.nl\/de\/einkaufe-aus-belgien\/\">Belgien<\/a> Seite f\u00fcr den ma\u00dfgeschneiderten Versand nach Belgien.<\/p>\n<p>Kosten f\u00fcr den Versand:<\/p>\n<p><strong>F\u00fcr die Niederlande: Normale Versandklasse 5 \u20ac, Zubeh\u00f6r 3 \u20ac, Fl\u00fcssigkeiten 3 \u20ac, &gt; 30 kg 10 \u20ac, IBC 30 \u20ac Diese Versandkosten gelten nur f\u00fcr die Niederlande und verstehen sich zuz\u00fcglich Mehrwertsteuer.\u00a0<\/strong><\/p>\n<p>Die Versandkosten f\u00fcr Sendungen nach Belgien und Deutschland betragen jeweils<\/p>","protected":false},"excerpt":{"rendered":"<p>Wir versenden so schnell wie m\u00f6glich, wenn Sie etwas kaufen Sie wollen, dass es in Ihrem Haus schnell sein, ist die Bestellung in der Regel am Tag nach Ihrer Bestellung versandt. In den Niederlanden und Belgien versenden wir unsere Pakete mit UPS oder DHL. Ich m\u00f6chte betonen, dass wir kein Bol.com oder \u00e4hnliches Unternehmen sind, ich ...<\/p>","protected":false},"author":1,"featured_media":0,"parent":0,"menu_order":0,"comment_status":"closed","ping_status":"closed","template":"","meta":{"_acf_changed":false,"_genesis_hide_title":false,"_genesis_hide_breadcrumbs":false,"_genesis_hide_singular_image":false,"_genesis_hide_footer_widgets":false,"_genesis_custom_body_class":"","_genesis_custom_post_class":"","_genesis_layout":"","footnotes":""},"class_list":{"1":"page","2":"type-page","5":"entry"},"acf":[],"_links":{"self":[{"href":"https:\/\/nieuwesigaret.nl\/de\/wp-json\/wp\/v2\/pages\/343","targetHints":{"allow":["GET"]}}],"collection":[{"href":"https:\/\/nieuwesigaret.nl\/de\/wp-json\/wp\/v2\/pages"}],"about":[{"href":"https:\/\/nieuwesigaret.nl\/de\/wp-json\/wp\/v2\/types\/page"}],"author":[{"embeddable":true,"href":"https:\/\/nieuwesigaret.nl\/de\/wp-json\/wp\/v2\/users\/1"}],"replies":[{"embeddable":true,"href":"https:\/\/nieuwesigaret.nl\/de\/wp-json\/wp\/v2\/comments?post=343"}],"version-history":[{"count":4,"href":"https:\/\/nieuwesigaret.nl\/de\/wp-json\/wp\/v2\/pages\/343\/revisions"}],"predecessor-version":[{"id":59620,"href":"https:\/\/nieuwesigaret.nl\/de\/wp-json\/wp\/v2\/pages\/343\/revisions\/59620"}],"wp:attachment":[{"href":"https:\/\/nieuwesigaret.nl\/de\/wp-json\/wp\/v2\/media?parent=343"}],"curies":[{"name":"wp","href":"https:\/\/api.w.org\/{rel}","templated":true}]}}